























{"id":1456,"date":"2023-10-17T15:12:24","date_gmt":"2023-10-17T13:12:24","guid":{"rendered":"https:\/\/mbalik.yas.mg\/?page_id=1456"},"modified":"2024-09-26T14:01:59","modified_gmt":"2024-09-26T12:01:59","slug":"video-tuto","status":"publish","type":"page","link":"https:\/\/mbalik.yas.mg\/?page_id=1456","title":{"rendered":"Vid\u00e9o tuto"},"content":{"rendered":"\n<div style=\"height:20px\" aria-hidden=\"true\" class=\"wp-block-spacer\"><\/div>\n\n\n\n<div class=\"wp-block-cover alignfull\" style=\"min-height:322px\"><span aria-hidden=\"true\" class=\"wp-block-cover__background has-color-0-background-color has-background-dim-20 has-background-dim\"><\/span><img decoding=\"async\" loading=\"lazy\" width=\"2048\" height=\"1365\" class=\"wp-block-cover__image-background wp-image-1878\" alt=\"\" src=\"https:\/\/mbalik.yas.mg\/wp-content\/uploads\/2023\/10\/F8zORBlW8AAIEQC.jpeg\" data-object-fit=\"cover\" srcset=\"https:\/\/mbalik.yas.mg\/wp-content\/uploads\/2023\/10\/F8zORBlW8AAIEQC.jpeg 2048w, https:\/\/mbalik.yas.mg\/wp-content\/uploads\/2023\/10\/F8zORBlW8AAIEQC-300x200.jpeg 300w, https:\/\/mbalik.yas.mg\/wp-content\/uploads\/2023\/10\/F8zORBlW8AAIEQC-1024x683.jpeg 1024w, https:\/\/mbalik.yas.mg\/wp-content\/uploads\/2023\/10\/F8zORBlW8AAIEQC-768x512.jpeg 768w, https:\/\/mbalik.yas.mg\/wp-content\/uploads\/2023\/10\/F8zORBlW8AAIEQC-1536x1024.jpeg 1536w, https:\/\/mbalik.yas.mg\/wp-content\/uploads\/2023\/10\/F8zORBlW8AAIEQC-1140x760.jpeg 1140w, https:\/\/mbalik.yas.mg\/wp-content\/uploads\/2023\/10\/F8zORBlW8AAIEQC-920x613.jpeg 920w, https:\/\/mbalik.yas.mg\/wp-content\/uploads\/2023\/10\/F8zORBlW8AAIEQC-575x383.jpeg 575w, https:\/\/mbalik.yas.mg\/wp-content\/uploads\/2023\/10\/F8zORBlW8AAIEQC-380x253.jpeg 380w, https:\/\/mbalik.yas.mg\/wp-content\/uploads\/2023\/10\/F8zORBlW8AAIEQC-420x280.jpeg 420w, https:\/\/mbalik.yas.mg\/wp-content\/uploads\/2023\/10\/F8zORBlW8AAIEQC-800x533.jpeg 800w\" sizes=\"(max-width: 2048px) 100vw, 2048px\" \/><div class=\"wp-block-cover__inner-container is-layout-flow wp-block-cover-is-layout-flow\">\n<p class=\"has-text-align-center has-large-font-size\"><\/p>\n<\/div><\/div>\n\n\n\n<h1 class=\"wp-block-heading has-text-align-center\">Fik&#8217; Fika MBalik<\/h1>\n\n\n\n<hr class=\"wp-block-separator has-text-color has-alpha-channel-opacity has-background\" style=\"background-color:#ffd100;color:#ffd100; width:80px; height:4px; border-radius:3px\"\/>\n\n\n\n\n\n<div class=\"wp-block-columns is-layout-flex wp-container-4 wp-block-columns-is-layout-flex\">\n<div class=\"wp-block-column is-layout-flow wp-block-column-is-layout-flow\">\n<iframe loading=\"lazy\" width=\"1468\" height=\"571\" src=\"https:\/\/www.youtube.com\/embed\/u6dLZ03P0uo\" title=\"Kit Home XPro\" frameborder=\"0\" allow=\"accelerometer; autoplay; clipboard-write; encrypted-media; gyroscope; picture-in-picture; web-share\" allowfullscreen><\/iframe>\n<\/div>\n\n\n\n<div class=\"wp-block-column is-layout-flow wp-block-column-is-layout-flow\">\n<iframe loading=\"lazy\" width=\"1468\" height=\"571\" src=\"https:\/\/www.youtube.com\/embed\/FIb838QDONM\" title=\"Home 40 Plus\" frameborder=\"0\" allow=\"accelerometer; autoplay; clipboard-write; encrypted-media; gyroscope; picture-in-picture; web-share\" allowfullscreen><\/iframe>\n<\/div>\n<\/div>\n\n\n\n<div class=\"wp-block-columns is-layout-flex wp-container-7 wp-block-columns-is-layout-flex\">\n<div class=\"wp-block-column is-layout-flow wp-block-column-is-layout-flow\">\n<iframe loading=\"lazy\" width=\"1468\" height=\"571\" src=\"https:\/\/www.youtube.com\/embed\/nNUw6iWy1L4\" title=\"Home 60\" frameborder=\"0\" allow=\"accelerometer; autoplay; clipboard-write; encrypted-media; gyroscope; picture-in-picture; web-share\" allowfullscreen><\/iframe>\n<\/div>\n\n\n\n<div class=\"wp-block-column is-layout-flow wp-block-column-is-layout-flow\">\n<iframe loading=\"lazy\" width=\"1468\" height=\"571\" src=\"https:\/\/www.youtube.com\/embed\/H_Tru25NUUU\" title=\"Mbalik Pro\" frameborder=\"0\" allow=\"accelerometer; autoplay; clipboard-write; encrypted-media; gyroscope; picture-in-picture; web-share\" allowfullscreen><\/iframe>\n<\/div>\n<\/div>\n\n\n\n<div class=\"wp-block-columns is-layout-flex wp-container-12 wp-block-columns-is-layout-flex\">\n<div class=\"wp-block-column is-layout-flow wp-block-column-is-layout-flow\">\n<div class=\"wp-block-columns is-layout-flex wp-container-10 wp-block-columns-is-layout-flex\">\n<div class=\"wp-block-column is-layout-flow wp-block-column-is-layout-flow\">\n<iframe loading=\"lazy\" width=\"1468\" height=\"571\" src=\"https:\/\/www.youtube.com\/embed\/AWXzrAlUX0E\" title=\"Home500X+TV\" frameborder=\"0\" allow=\"accelerometer; autoplay; clipboard-write; encrypted-media; gyroscope; picture-in-picture; web-share\" allowfullscreen><\/iframe>\n<\/div>\n\n\n\n<div class=\"wp-block-column is-layout-flow wp-block-column-is-layout-flow\">\n<iframe loading=\"lazy\" width=\"1468\" height=\"571\" src=\"https:\/\/www.youtube.com\/embed\/H_Tru25NUUU\" title=\"R\u00e9solution probl\u00e8me batteri\" frameborder=\"0\" allow=\"accelerometer; autoplay; clipboard-write; encrypted-media; gyroscope; picture-in-picture; web-share\" allowfullscreen><\/iframe>\n<\/div>\n<\/div>\n<\/div>\n<\/div>\n\n\n\n<div class=\"wp-block-columns is-layout-flex wp-container-15 wp-block-columns-is-layout-flex\">\n<div class=\"wp-block-column is-layout-flow wp-block-column-is-layout-flow\">\n<iframe loading=\"lazy\" width=\"1468\" height=\"571\" src=\"https:\/\/www.youtube.com\/embed\/F1mfuaGhv0M\" title=\"Kit Home XPro\" frameborder=\"0\" allow=\"accelerometer; autoplay; clipboard-write; encrypted-media; gyroscope; picture-in-picture; web-share\" allowfullscreen><\/iframe>\n<\/div>\n\n\n\n<div class=\"wp-block-column is-layout-flow wp-block-column-is-layout-flow\">\n<iframe loading=\"lazy\" width=\"1468\" height=\"571\" src=\"https:\/\/www.youtube.com\/embed\/NJMoP20Y7Ig\" title=\"Kit Home XPro\" frameborder=\"0\" allow=\"accelerometer; autoplay; clipboard-write; encrypted-media; gyroscope; picture-in-picture; web-share\" allowfullscreen><\/iframe>\n<\/div>\n<\/div>\n","protected":false},"excerpt":{"rendered":"<p>Fik&#8217; Fika MBalik<\/p>\n","protected":false},"author":1,"featured_media":0,"parent":0,"menu_order":0,"comment_status":"closed","ping_status":"closed","template":"","meta":{"footnotes":""},"acf":[],"yoast_head":"<!-- This site is optimized with the Yoast SEO plugin v21.5 - https:\/\/yoast.com\/wordpress\/plugins\/seo\/ -->\n<title>Kits solaires complets | Tutorial vid\u00e9o sur MBalik<\/title>\n<meta name=\"description\" content=\"Des kits solaires complets domestiques, lanternes solaires portable sun king \u00e0 \u00e9nergie renouvelable avec paiement cache ou PayGo Madagascar.\" \/>\n<meta name=\"robots\" content=\"index, follow, max-snippet:-1, max-image-preview:large, max-video-preview:-1\" \/>\n<link rel=\"canonical\" href=\"https:\/\/mbalik.yas.mg\/?page_id=1456\" \/>\n<meta property=\"og:locale\" content=\"fr_FR\" \/>\n<meta property=\"og:type\" content=\"article\" \/>\n<meta property=\"og:title\" content=\"Kits solaires complets | Tutorial vid\u00e9o sur MBalik\" \/>\n<meta property=\"og:description\" content=\"Des kits solaires complets domestiques, lanternes solaires portable sun king \u00e0 \u00e9nergie renouvelable avec paiement cache ou PayGo Madagascar.\" \/>\n<meta property=\"og:url\" content=\"https:\/\/mbalik.yas.mg\/?page_id=1456\" \/>\n<meta property=\"og:site_name\" content=\"MBalik\" \/>\n<meta property=\"article:modified_time\" content=\"2024-09-26T12:01:59+00:00\" \/>\n<meta property=\"og:image\" content=\"https:\/\/mbalik.yas.mg\/wp-content\/uploads\/2023\/10\/F8zORBlW8AAIEQC.jpeg\" \/>\n<meta name=\"twitter:card\" content=\"summary_large_image\" \/>\n<meta name=\"twitter:label1\" content=\"Est. reading time\" \/>\n\t<meta name=\"twitter:data1\" content=\"1 minute\" \/>\n<script type=\"application\/ld+json\" class=\"yoast-schema-graph\">{\"@context\":\"https:\/\/schema.org\",\"@graph\":[{\"@type\":\"WebPage\",\"@id\":\"https:\/\/mbalik.yas.mg\/?page_id=1456\",\"url\":\"https:\/\/mbalik.yas.mg\/?page_id=1456\",\"name\":\"Kits solaires complets | Tutorial vid\u00e9o sur MBalik\",\"isPartOf\":{\"@id\":\"https:\/\/mbalik.yas.mg\/#website\"},\"datePublished\":\"2023-10-17T13:12:24+00:00\",\"dateModified\":\"2024-09-26T12:01:59+00:00\",\"description\":\"Des kits solaires complets domestiques, lanternes solaires portable sun king \u00e0 \u00e9nergie renouvelable avec paiement cache ou PayGo Madagascar.\",\"inLanguage\":\"fr-FR\",\"potentialAction\":[{\"@type\":\"ReadAction\",\"target\":[\"https:\/\/mbalik.yas.mg\/?page_id=1456\"]}]},{\"@type\":\"WebSite\",\"@id\":\"https:\/\/mbalik.yas.mg\/#website\",\"url\":\"https:\/\/mbalik.yas.mg\/\",\"name\":\"MBalik\",\"description\":\"Mamiratra ny hoaviko !\",\"publisher\":{\"@id\":\"https:\/\/mbalik.yas.mg\/#organization\"},\"potentialAction\":[{\"@type\":\"SearchAction\",\"target\":{\"@type\":\"EntryPoint\",\"urlTemplate\":\"https:\/\/mbalik.yas.mg\/?s={search_term_string}\"},\"query-input\":\"required name=search_term_string\"}],\"inLanguage\":\"fr-FR\"},{\"@type\":\"Organization\",\"@id\":\"https:\/\/mbalik.yas.mg\/#organization\",\"name\":\"MBalik\",\"url\":\"https:\/\/mbalik.yas.mg\/\",\"logo\":{\"@type\":\"ImageObject\",\"inLanguage\":\"fr-FR\",\"@id\":\"https:\/\/mbalik.yas.mg\/#\/schema\/logo\/image\/\",\"url\":\"https:\/\/mbalik.yas.mg\/wp-content\/uploads\/2023\/10\/cropped-logo_MBALIK-02.png\",\"contentUrl\":\"https:\/\/mbalik.yas.mg\/wp-content\/uploads\/2023\/10\/cropped-logo_MBALIK-02.png\",\"width\":2230,\"height\":915,\"caption\":\"MBalik\"},\"image\":{\"@id\":\"https:\/\/mbalik.yas.mg\/#\/schema\/logo\/image\/\"}}]}<\/script>\n<!-- \/ Yoast SEO plugin. -->","yoast_head_json":{"title":"Kits solaires complets | Tutorial vid\u00e9o sur MBalik","description":"Des kits solaires complets domestiques, lanternes solaires portable sun king \u00e0 \u00e9nergie renouvelable avec paiement cache ou PayGo Madagascar.","robots":{"index":"index","follow":"follow","max-snippet":"max-snippet:-1","max-image-preview":"max-image-preview:large","max-video-preview":"max-video-preview:-1"},"canonical":"https:\/\/mbalik.yas.mg\/?page_id=1456","og_locale":"fr_FR","og_type":"article","og_title":"Kits solaires complets | Tutorial vid\u00e9o sur MBalik","og_description":"Des kits solaires complets domestiques, lanternes solaires portable sun king \u00e0 \u00e9nergie renouvelable avec paiement cache ou PayGo Madagascar.","og_url":"https:\/\/mbalik.yas.mg\/?page_id=1456","og_site_name":"MBalik","article_modified_time":"2024-09-26T12:01:59+00:00","og_image":[{"url":"https:\/\/mbalik.yas.mg\/wp-content\/uploads\/2023\/10\/F8zORBlW8AAIEQC.jpeg"}],"twitter_card":"summary_large_image","twitter_misc":{"Est. reading time":"1 minute"},"schema":{"@context":"https:\/\/schema.org","@graph":[{"@type":"WebPage","@id":"https:\/\/mbalik.yas.mg\/?page_id=1456","url":"https:\/\/mbalik.yas.mg\/?page_id=1456","name":"Kits solaires complets | Tutorial vid\u00e9o sur MBalik","isPartOf":{"@id":"https:\/\/mbalik.yas.mg\/#website"},"datePublished":"2023-10-17T13:12:24+00:00","dateModified":"2024-09-26T12:01:59+00:00","description":"Des kits solaires complets domestiques, lanternes solaires portable sun king \u00e0 \u00e9nergie renouvelable avec paiement cache ou PayGo Madagascar.","inLanguage":"fr-FR","potentialAction":[{"@type":"ReadAction","target":["https:\/\/mbalik.yas.mg\/?page_id=1456"]}]},{"@type":"WebSite","@id":"https:\/\/mbalik.yas.mg\/#website","url":"https:\/\/mbalik.yas.mg\/","name":"MBalik","description":"Mamiratra ny hoaviko !","publisher":{"@id":"https:\/\/mbalik.yas.mg\/#organization"},"potentialAction":[{"@type":"SearchAction","target":{"@type":"EntryPoint","urlTemplate":"https:\/\/mbalik.yas.mg\/?s={search_term_string}"},"query-input":"required name=search_term_string"}],"inLanguage":"fr-FR"},{"@type":"Organization","@id":"https:\/\/mbalik.yas.mg\/#organization","name":"MBalik","url":"https:\/\/mbalik.yas.mg\/","logo":{"@type":"ImageObject","inLanguage":"fr-FR","@id":"https:\/\/mbalik.yas.mg\/#\/schema\/logo\/image\/","url":"https:\/\/mbalik.yas.mg\/wp-content\/uploads\/2023\/10\/cropped-logo_MBALIK-02.png","contentUrl":"https:\/\/mbalik.yas.mg\/wp-content\/uploads\/2023\/10\/cropped-logo_MBALIK-02.png","width":2230,"height":915,"caption":"MBalik"},"image":{"@id":"https:\/\/mbalik.yas.mg\/#\/schema\/logo\/image\/"}}]}},"_links":{"self":[{"href":"https:\/\/mbalik.yas.mg\/index.php?rest_route=\/wp\/v2\/pages\/1456"}],"collection":[{"href":"https:\/\/mbalik.yas.mg\/index.php?rest_route=\/wp\/v2\/pages"}],"about":[{"href":"https:\/\/mbalik.yas.mg\/index.php?rest_route=\/wp\/v2\/types\/page"}],"author":[{"embeddable":true,"href":"https:\/\/mbalik.yas.mg\/index.php?rest_route=\/wp\/v2\/users\/1"}],"replies":[{"embeddable":true,"href":"https:\/\/mbalik.yas.mg\/index.php?rest_route=%2Fwp%2Fv2%2Fcomments&post=1456"}],"version-history":[{"count":66,"href":"https:\/\/mbalik.yas.mg\/index.php?rest_route=\/wp\/v2\/pages\/1456\/revisions"}],"predecessor-version":[{"id":2473,"href":"https:\/\/mbalik.yas.mg\/index.php?rest_route=\/wp\/v2\/pages\/1456\/revisions\/2473"}],"wp:attachment":[{"href":"https:\/\/mbalik.yas.mg\/index.php?rest_route=%2Fwp%2Fv2%2Fmedia&parent=1456"}],"curies":[{"name":"wp","href":"https:\/\/api.w.org\/{rel}","templated":true}]}}