























{"id":2132,"date":"2023-11-10T08:18:36","date_gmt":"2023-11-10T07:18:36","guid":{"rendered":"https:\/\/mbalik.yas.mg\/?page_id=2132"},"modified":"2024-09-26T14:00:06","modified_gmt":"2024-09-26T12:00:06","slug":"a-propos","status":"publish","type":"page","link":"https:\/\/mbalik.yas.mg\/?page_id=2132","title":{"rendered":"A propos"},"content":{"rendered":"\n<div style=\"height:20px\" aria-hidden=\"true\" class=\"wp-block-spacer\"><\/div>\n\n\n\n<div class=\"wp-block-cover alignfull is-light\" style=\"min-height:322px\"><span aria-hidden=\"true\" class=\"wp-block-cover__background has-color-0-background-color has-background-dim-20 has-background-dim\"><\/span><img decoding=\"async\" loading=\"lazy\" width=\"2560\" height=\"1440\" class=\"wp-block-cover__image-background wp-image-1870\" alt=\"\" src=\"https:\/\/mbalik.yas.mg\/wp-content\/uploads\/2023\/10\/DSC02480-scaled-1.webp\" style=\"object-position:70% 20%\" data-object-fit=\"cover\" data-object-position=\"70% 20%\" srcset=\"https:\/\/mbalik.yas.mg\/wp-content\/uploads\/2023\/10\/DSC02480-scaled-1.webp 2560w, https:\/\/mbalik.yas.mg\/wp-content\/uploads\/2023\/10\/DSC02480-scaled-1-300x169.webp 300w, https:\/\/mbalik.yas.mg\/wp-content\/uploads\/2023\/10\/DSC02480-scaled-1-1024x576.webp 1024w, https:\/\/mbalik.yas.mg\/wp-content\/uploads\/2023\/10\/DSC02480-scaled-1-768x432.webp 768w, https:\/\/mbalik.yas.mg\/wp-content\/uploads\/2023\/10\/DSC02480-scaled-1-1536x864.webp 1536w, https:\/\/mbalik.yas.mg\/wp-content\/uploads\/2023\/10\/DSC02480-scaled-1-2048x1152.webp 2048w, https:\/\/mbalik.yas.mg\/wp-content\/uploads\/2023\/10\/DSC02480-scaled-1-1140x641.webp 1140w, https:\/\/mbalik.yas.mg\/wp-content\/uploads\/2023\/10\/DSC02480-scaled-1-920x518.webp 920w, https:\/\/mbalik.yas.mg\/wp-content\/uploads\/2023\/10\/DSC02480-scaled-1-575x323.webp 575w, https:\/\/mbalik.yas.mg\/wp-content\/uploads\/2023\/10\/DSC02480-scaled-1-380x214.webp 380w, https:\/\/mbalik.yas.mg\/wp-content\/uploads\/2023\/10\/DSC02480-scaled-1-420x236.webp 420w, https:\/\/mbalik.yas.mg\/wp-content\/uploads\/2023\/10\/DSC02480-scaled-1-800x450.webp 800w\" sizes=\"(max-width: 2560px) 100vw, 2560px\" \/><div class=\"wp-block-cover__inner-container is-layout-flow wp-block-cover-is-layout-flow\">\n<p class=\"has-text-align-center has-large-font-size\"><\/p>\n<\/div><\/div>\n\n\n\n<h1 class=\"wp-block-heading has-text-align-center\">Origine du projet MBalik<\/h1>\n\n\n\n<hr class=\"wp-block-separator has-text-color has-alpha-channel-opacity has-background\" style=\"background-color:#ffd100;color:#ffd100; width:80px; height:4px; border-radius:3px\"\/>\n\n\n\n<p class=\"has-text-align-left\">Telma met en vente de kits solaires domestiques ou Solar Home System (SHS) avec un mode de paiement plus abordable et simplifi\u00e9 sur tout le territoire Malagasy. Ceci dans le but d\u2019aider les famille Malagasy \u00e0 acc\u00e9der \u00e0 de l\u2019\u00e9lectricit\u00e9 de mani\u00e8re durable et plus accessible. Telma dispose diff\u00e9rents produits allant d\u2019une&nbsp;<a href=\"https:\/\/mbalik.yas.mg\/?product=pro\">lampe solaire portable (lampe Pro)<\/a>&nbsp;jusqu\u2019\u00e0 un&nbsp;<a href=\"https:\/\/mbalik.yas.mg\/?product=home-500-x\">kit contenant un t\u00e9l\u00e9viseur, des lampes et des plafonniers<\/a>.<\/p>\n\n\n\n<p>Gr\u00e2ce \u00e0 un syst\u00e8me de paiement par mobile plus souple, l\u2019initiative MBalik d\u00e9mocratise l\u2019acc\u00e8s \u00e0 une \u00e9nergie plus propre pour les foyers Malagasy. L\u2019acquisition des Kits peut se faire en paiement cash ou, selon les capacit\u00e9s financi\u00e8res du client, en \u00e9chelonn\u00e9 : <br><strong>. CASH :<\/strong> Le client s\u2019acquittera au moment de l\u2019achat de la totalit\u00e9 du prix du produit et en devient tout de suite apr\u00e8s propri\u00e9taire. Le paiement se fait par MVola, payable en esp\u00e8ces uniquement en Telma Shop.<br><strong>. PAY-AS-YOU-GO (PAYGO) :<\/strong> Le client s\u2019acquittera au moment de l\u2019achat d\u2019un premier paiement (acompte) et effectuera un paiement p\u00e9riodique correspondant \u00e0 des jours de lumi\u00e8re. Il en devient propri\u00e9taire quand il aura pay\u00e9 en totalit\u00e9 le prix du kit.<\/p>\n\n\n\n<div class=\"wp-block-buttons is-content-justification-center is-layout-flex wp-container-2 wp-block-buttons-is-layout-flex\">\n<div class=\"wp-block-button\"><a class=\"wp-block-button__link has-text-align-center wp-element-button\" href=\"http:\/\/mbalik.yas.mg\/?page_id=1663(ouvre un nouvel onglet)(ouvre un nouvel onglet)mbalik.yas.mg\/?page_id=1663(ouvre un nouvel onglet)\">PRESSE<\/a><\/div>\n<\/div>\n\n\n\n<div style=\"height:49px\" aria-hidden=\"true\" class=\"wp-block-spacer\"><\/div>\n\n\n\n<iframe loading=\"lazy\" width=\"1468\" height=\"571\" src=\"https:\/\/www.youtube.com\/embed\/W2aBgYpU62Y\" title=\"Tontolo MBalik\" frameborder=\"0\" allow=\"accelerometer; autoplay; clipboard-write; encrypted-media; gyroscope; picture-in-picture; web-share\" allowfullscreen><\/iframe>\n\n\n\n<p>Tontolo MBalik \u2013<strong>&nbsp;02-04-2021<\/strong><\/p>\n\n\n\n<iframe loading=\"lazy\" width=\"1468\" height=\"571\" src=\"https:\/\/www.youtube.com\/embed\/K7veNnTWTeo\" title=\"Mbalik BOOM\" frameborder=\"0\" allow=\"accelerometer; autoplay; clipboard-write; encrypted-media; gyroscope; picture-in-picture; web-share\" allowfullscreen><\/iframe>\n\n\n\n<p><\/p>\n\n\n\n<div class=\"wp-block-columns is-layout-flex wp-container-5 wp-block-columns-is-layout-flex\">\n<div class=\"wp-block-column is-layout-flow wp-block-column-is-layout-flow\">\n<iframe loading=\"lazy\" width=\"1468\" height=\"571\" src=\"https:\/\/www.youtube.com\/embed\/tcF86nMASs0\" title=\"\ud83c\udf1e[KIT MBALIK HOME 40 PLUS ]\ud83e\udd29\" frameborder=\"0\" allow=\"accelerometer; autoplay; clipboard-write; encrypted-media; gyroscope; picture-in-picture; web-share\" allowfullscreen><\/iframe>\n<\/div>\n\n\n\n<div class=\"wp-block-column is-layout-flow wp-block-column-is-layout-flow\">\n<iframe loading=\"lazy\" width=\"1468\" height=\"571\" src=\"https:\/\/www.youtube.com\/embed\/06cGtROK8pE\" title=\"Mbalik Pro\" frameborder=\"0\" allow=\"accelerometer; autoplay; clipboard-write; encrypted-media; gyroscope; picture-in-picture; web-share\" allowfullscreen><\/iframe>\n<\/div>\n<\/div>\n\n\n\n<div class=\"wp-block-columns is-layout-flex wp-container-8 wp-block-columns-is-layout-flex\">\n<div class=\"wp-block-column is-layout-flow wp-block-column-is-layout-flow\">\n<iframe loading=\"lazy\" width=\"1468\" height=\"571\" src=\"https:\/\/www.youtube.com\/embed\/N4tFPhR8S5c\" title=\"MBalik Home 600\" frameborder=\"0\" allow=\"accelerometer; autoplay; clipboard-write; encrypted-media; gyroscope; picture-in-picture; web-share\" allowfullscreen><\/iframe>\n<\/div>\n\n\n\n<div class=\"wp-block-column is-layout-flow wp-block-column-is-layout-flow\">\n<iframe loading=\"lazy\" width=\"1468\" height=\"571\" src=\"https:\/\/www.youtube.com\/embed\/TpVONCZuzIU\" title=\"MBALIK HOME 60\" frameborder=\"0\" allow=\"accelerometer; autoplay; clipboard-write; encrypted-media; gyroscope; picture-in-picture; web-share\" allowfullscreen><\/iframe>\n<\/div>\n<\/div>\n\n\n\n<iframe loading=\"lazy\" width=\"1468\" height=\"571\" src=\"https:\/\/www.youtube.com\/embed\/2pwr7I9Q7jM\" title=\"Tontolo MBalik\" frameborder=\"0\" allow=\"accelerometer; autoplay; clipboard-write; encrypted-media; gyroscope; picture-in-picture; web-share\" allowfullscreen><\/iframe>\n","protected":false},"excerpt":{"rendered":"<p>Origine du projet MBalik Telma met en vente de kits solaires domestiques ou Solar Home System (SHS) avec un mode de paiement plus abordable et simplifi\u00e9 sur tout le territoire [&hellip;]<\/p>\n","protected":false},"author":7,"featured_media":0,"parent":0,"menu_order":0,"comment_status":"closed","ping_status":"closed","template":"","meta":{"footnotes":""},"acf":[],"yoast_head":"<!-- This site is optimized with the Yoast SEO plugin v21.5 - https:\/\/yoast.com\/wordpress\/plugins\/seo\/ -->\n<title>Kits solaires complets domestiques | A propos de MBalik<\/title>\n<meta name=\"description\" content=\"Kits solaires domestiques, des lanternes solaires portable sun king \u00e0 \u00e9nergie solaire avec paiement cache ou PayGo \u00e0 Madagascar.\" \/>\n<meta name=\"robots\" content=\"index, follow, max-snippet:-1, max-image-preview:large, max-video-preview:-1\" \/>\n<link rel=\"canonical\" href=\"https:\/\/mbalik.yas.mg\/?page_id=2132\" \/>\n<meta property=\"og:locale\" content=\"fr_FR\" \/>\n<meta property=\"og:type\" content=\"article\" \/>\n<meta property=\"og:title\" content=\"Kits solaires complets domestiques | A propos de MBalik\" \/>\n<meta property=\"og:description\" content=\"Kits solaires domestiques, des lanternes solaires portable sun king \u00e0 \u00e9nergie solaire avec paiement cache ou PayGo \u00e0 Madagascar.\" \/>\n<meta property=\"og:url\" content=\"https:\/\/mbalik.yas.mg\/?page_id=2132\" \/>\n<meta property=\"og:site_name\" content=\"MBalik\" \/>\n<meta property=\"article:modified_time\" content=\"2024-09-26T12:00:06+00:00\" \/>\n<meta property=\"og:image\" content=\"https:\/\/mbalik.yas.mg\/wp-content\/uploads\/2023\/10\/DSC02480-scaled-1.webp\" \/>\n<meta name=\"twitter:card\" content=\"summary_large_image\" \/>\n<meta name=\"twitter:label1\" content=\"Est. reading time\" \/>\n\t<meta name=\"twitter:data1\" content=\"2 minutes\" \/>\n<script type=\"application\/ld+json\" class=\"yoast-schema-graph\">{\"@context\":\"https:\/\/schema.org\",\"@graph\":[{\"@type\":\"WebPage\",\"@id\":\"https:\/\/mbalik.yas.mg\/?page_id=2132\",\"url\":\"https:\/\/mbalik.yas.mg\/?page_id=2132\",\"name\":\"Kits solaires complets domestiques | A propos de MBalik\",\"isPartOf\":{\"@id\":\"https:\/\/mbalik.yas.mg\/#website\"},\"datePublished\":\"2023-11-10T07:18:36+00:00\",\"dateModified\":\"2024-09-26T12:00:06+00:00\",\"description\":\"Kits solaires domestiques, des lanternes solaires portable sun king \u00e0 \u00e9nergie solaire avec paiement cache ou PayGo \u00e0 Madagascar.\",\"inLanguage\":\"fr-FR\",\"potentialAction\":[{\"@type\":\"ReadAction\",\"target\":[\"https:\/\/mbalik.yas.mg\/?page_id=2132\"]}]},{\"@type\":\"WebSite\",\"@id\":\"https:\/\/mbalik.yas.mg\/#website\",\"url\":\"https:\/\/mbalik.yas.mg\/\",\"name\":\"MBalik\",\"description\":\"Mamiratra ny hoaviko !\",\"publisher\":{\"@id\":\"https:\/\/mbalik.yas.mg\/#organization\"},\"potentialAction\":[{\"@type\":\"SearchAction\",\"target\":{\"@type\":\"EntryPoint\",\"urlTemplate\":\"https:\/\/mbalik.yas.mg\/?s={search_term_string}\"},\"query-input\":\"required name=search_term_string\"}],\"inLanguage\":\"fr-FR\"},{\"@type\":\"Organization\",\"@id\":\"https:\/\/mbalik.yas.mg\/#organization\",\"name\":\"MBalik\",\"url\":\"https:\/\/mbalik.yas.mg\/\",\"logo\":{\"@type\":\"ImageObject\",\"inLanguage\":\"fr-FR\",\"@id\":\"https:\/\/mbalik.yas.mg\/#\/schema\/logo\/image\/\",\"url\":\"https:\/\/mbalik.yas.mg\/wp-content\/uploads\/2023\/10\/cropped-logo_MBALIK-02.png\",\"contentUrl\":\"https:\/\/mbalik.yas.mg\/wp-content\/uploads\/2023\/10\/cropped-logo_MBALIK-02.png\",\"width\":2230,\"height\":915,\"caption\":\"MBalik\"},\"image\":{\"@id\":\"https:\/\/mbalik.yas.mg\/#\/schema\/logo\/image\/\"}}]}<\/script>\n<!-- \/ Yoast SEO plugin. -->","yoast_head_json":{"title":"Kits solaires complets domestiques | A propos de MBalik","description":"Kits solaires domestiques, des lanternes solaires portable sun king \u00e0 \u00e9nergie solaire avec paiement cache ou PayGo \u00e0 Madagascar.","robots":{"index":"index","follow":"follow","max-snippet":"max-snippet:-1","max-image-preview":"max-image-preview:large","max-video-preview":"max-video-preview:-1"},"canonical":"https:\/\/mbalik.yas.mg\/?page_id=2132","og_locale":"fr_FR","og_type":"article","og_title":"Kits solaires complets domestiques | A propos de MBalik","og_description":"Kits solaires domestiques, des lanternes solaires portable sun king \u00e0 \u00e9nergie solaire avec paiement cache ou PayGo \u00e0 Madagascar.","og_url":"https:\/\/mbalik.yas.mg\/?page_id=2132","og_site_name":"MBalik","article_modified_time":"2024-09-26T12:00:06+00:00","og_image":[{"url":"https:\/\/mbalik.yas.mg\/wp-content\/uploads\/2023\/10\/DSC02480-scaled-1.webp"}],"twitter_card":"summary_large_image","twitter_misc":{"Est. reading time":"2 minutes"},"schema":{"@context":"https:\/\/schema.org","@graph":[{"@type":"WebPage","@id":"https:\/\/mbalik.yas.mg\/?page_id=2132","url":"https:\/\/mbalik.yas.mg\/?page_id=2132","name":"Kits solaires complets domestiques | A propos de MBalik","isPartOf":{"@id":"https:\/\/mbalik.yas.mg\/#website"},"datePublished":"2023-11-10T07:18:36+00:00","dateModified":"2024-09-26T12:00:06+00:00","description":"Kits solaires domestiques, des lanternes solaires portable sun king \u00e0 \u00e9nergie solaire avec paiement cache ou PayGo \u00e0 Madagascar.","inLanguage":"fr-FR","potentialAction":[{"@type":"ReadAction","target":["https:\/\/mbalik.yas.mg\/?page_id=2132"]}]},{"@type":"WebSite","@id":"https:\/\/mbalik.yas.mg\/#website","url":"https:\/\/mbalik.yas.mg\/","name":"MBalik","description":"Mamiratra ny hoaviko !","publisher":{"@id":"https:\/\/mbalik.yas.mg\/#organization"},"potentialAction":[{"@type":"SearchAction","target":{"@type":"EntryPoint","urlTemplate":"https:\/\/mbalik.yas.mg\/?s={search_term_string}"},"query-input":"required name=search_term_string"}],"inLanguage":"fr-FR"},{"@type":"Organization","@id":"https:\/\/mbalik.yas.mg\/#organization","name":"MBalik","url":"https:\/\/mbalik.yas.mg\/","logo":{"@type":"ImageObject","inLanguage":"fr-FR","@id":"https:\/\/mbalik.yas.mg\/#\/schema\/logo\/image\/","url":"https:\/\/mbalik.yas.mg\/wp-content\/uploads\/2023\/10\/cropped-logo_MBALIK-02.png","contentUrl":"https:\/\/mbalik.yas.mg\/wp-content\/uploads\/2023\/10\/cropped-logo_MBALIK-02.png","width":2230,"height":915,"caption":"MBalik"},"image":{"@id":"https:\/\/mbalik.yas.mg\/#\/schema\/logo\/image\/"}}]}},"_links":{"self":[{"href":"https:\/\/mbalik.yas.mg\/index.php?rest_route=\/wp\/v2\/pages\/2132"}],"collection":[{"href":"https:\/\/mbalik.yas.mg\/index.php?rest_route=\/wp\/v2\/pages"}],"about":[{"href":"https:\/\/mbalik.yas.mg\/index.php?rest_route=\/wp\/v2\/types\/page"}],"author":[{"embeddable":true,"href":"https:\/\/mbalik.yas.mg\/index.php?rest_route=\/wp\/v2\/users\/7"}],"replies":[{"embeddable":true,"href":"https:\/\/mbalik.yas.mg\/index.php?rest_route=%2Fwp%2Fv2%2Fcomments&post=2132"}],"version-history":[{"count":25,"href":"https:\/\/mbalik.yas.mg\/index.php?rest_route=\/wp\/v2\/pages\/2132\/revisions"}],"predecessor-version":[{"id":2390,"href":"https:\/\/mbalik.yas.mg\/index.php?rest_route=\/wp\/v2\/pages\/2132\/revisions\/2390"}],"wp:attachment":[{"href":"https:\/\/mbalik.yas.mg\/index.php?rest_route=%2Fwp%2Fv2%2Fmedia&parent=2132"}],"curies":[{"name":"wp","href":"https:\/\/api.w.org\/{rel}","templated":true}]}}