























{"id":2481,"date":"2024-10-21T10:52:28","date_gmt":"2024-10-21T08:52:28","guid":{"rendered":"https:\/\/mbalik.yas.mg\/?post_type=product&#038;p=2481"},"modified":"2025-12-29T09:44:37","modified_gmt":"2025-12-29T08:44:37","slug":"mbalik-home-200x-plus-copie","status":"publish","type":"product","link":"https:\/\/mbalik.yas.mg\/?product=mbalik-home-200x-plus-copie","title":{"rendered":"MBalik Home 200X Plus"},"content":{"rendered":"<h4 class=\"p1\">Contenu<\/h4>\n<ul class=\"ul1\">\n<li class=\"li1\">Panneau solaire 15W avec 5 m\u00e8tres de c\u00e2ble<\/li>\n<li class=\"li1\">Boitier de contr\u00f4le avec indicateur<\/li>\n<li class=\"li1\">4 lampes tubulaires de 200 lumens chacune avec 6 m\u00e8tres de c\u00e2ble<\/li>\n<li class=\"li1\">1 lampe d\u00e9tecteur de mouvement de 100 lumens avec 7 m\u00e8tres de c\u00e2ble<\/li>\n<li class=\"li1\">C\u00e2ble USB \/ Connecteurs<\/li>\n<li class=\"li1\">Support de fixation<\/li>\n<li class=\"li1\">Pince pour suspension<\/li>\n<li class=\"li1\">Attaches<\/li>\n<\/ul>\n<h4 class=\"p1\">Fonctionnalit\u00e9s<\/h4>\n<ul class=\"ul1\">\n<li class=\"li1\">Lampes avec des interrupteurs muraux individuels<\/li>\n<li class=\"li1\">Chargement de t\u00e9l\u00e9phone par USB<\/li>\n<li class=\"li1\">Possibilit\u00e9 de brancher les lampes en cascade<\/li>\n<li class=\"li1\">D\u00e9tecteur de mouvement jusqu\u2019\u00e0 10 m\u00e8tres de distance<\/li>\n<li class=\"li1\">Autonomie :<br \/>\n&#8211; 6 heures en mode turbo<br \/>\n&#8211; 10 heures en mode m\u00e9dium<br \/>\n&#8211; 30 heures en mode bas<\/li>\n<li class=\"li1\">R\u00e9gulateur de puissance : technologie permettant un basculement automatique en mode basse consommation lorsque la batterie est faible, permettant de profiter d&#8217;un temps d&#8217;\u00e9clairage plus long.<\/li>\n<\/ul>\n<h4 class=\"p1\">Caract\u00e9ristiques techniques<\/h4>\n<ul class=\"ul1\">\n<li class=\"li1\">Panneau solaire : Panneau polycristallin avec cadre en aluminium et fil de 6 m\u00e8tres de long. 15W. 16,0 volts<\/li>\n<li class=\"li1\">Total \u00e9clairage : 900 lumens<\/li>\n<li class=\"li1\">3 niveaux de luminosit\u00e9<\/li>\n<li class=\"li1\">Batterie : En Lithium-NMC. 141.52Wh.<\/li>\n<li class=\"li1\">Bo\u00eetier : Plastique ABS et polycarbonate rigide.<\/li>\n<li class=\"li1\">Indicateur LED de batterie : affichant le niveau de batterie restant<\/li>\n<li class=\"li1\">Indicateur de niveau de charge solaire : Affichage LED indiquant l&#8217;efficacit\u00e9 de la charge sur une \u00e9chelle de 1 \u00e0 5, pour aider \u00e0 l&#8217;optimisation de l&#8217;orientation du panneau.<\/li>\n<li class=\"li1\">Port USB rechargement de t\u00e9l\u00e9phone<\/li>\n<li class=\"li1\">4 Ports 12V (+\/- 3V)<\/li>\n<\/ul>\n","protected":false},"excerpt":{"rendered":"<p><span style=\"font-weight: 400;\">Acompte de <\/span><b>62 500 Ar TTC* (PayGo)<\/b><\/p>\n<p>Un kit complet pour illuminer toute la maison.<\/p>\n<p><span style=\"font-weight: 400;\"><strong>(*)<\/strong> Offre soumise aux conditions d&#8217;\u00e9ligibilit\u00e9<\/span><\/p>\n","protected":false},"featured_media":1816,"comment_status":"open","ping_status":"closed","template":"","meta":[],"product_cat":[31],"product_tag":[],"acf":[],"yoast_head":"<!-- This site is optimized with the Yoast SEO plugin v21.5 - https:\/\/yoast.com\/wordpress\/plugins\/seo\/ -->\n<title>Kit solaire complet Home 200X Plus| MBalik - Mamiratra ny hoaviko<\/title>\n<meta name=\"description\" content=\"Le MBalik Home 200 X Plus, un kit complet pour illuminer toute la maison avec son Panneau photovolta\u00efque. Paiement cash ou PayGo \u00e0 Madagascar\" \/>\n<meta name=\"robots\" content=\"index, follow, max-snippet:-1, max-image-preview:large, max-video-preview:-1\" \/>\n<link rel=\"canonical\" href=\"https:\/\/mbalik.yas.mg\/?product=mbalik-home-200x-plus-copie\" \/>\n<meta property=\"og:locale\" content=\"fr_FR\" \/>\n<meta property=\"og:type\" content=\"article\" \/>\n<meta property=\"og:title\" content=\"Kit solaire complet Home 200X Plus| MBalik - Mamiratra ny hoaviko\" \/>\n<meta property=\"og:description\" content=\"Le MBalik Home 200 X Plus, un kit complet pour illuminer toute la maison avec son Panneau photovolta\u00efque. Paiement cash ou PayGo \u00e0 Madagascar\" \/>\n<meta property=\"og:url\" content=\"https:\/\/mbalik.yas.mg\/?product=mbalik-home-200x-plus-copie\" \/>\n<meta property=\"og:site_name\" content=\"MBalik\" \/>\n<meta property=\"article:modified_time\" content=\"2025-12-29T08:44:37+00:00\" \/>\n<meta property=\"og:image\" content=\"https:\/\/mbalik.yas.mg\/wp-content\/uploads\/2022\/09\/Group-6-1.png\" \/>\n\t<meta property=\"og:image:width\" content=\"450\" \/>\n\t<meta property=\"og:image:height\" content=\"550\" \/>\n\t<meta property=\"og:image:type\" content=\"image\/png\" \/>\n<meta name=\"twitter:card\" content=\"summary_large_image\" \/>\n<meta name=\"twitter:label1\" content=\"Est. reading time\" \/>\n\t<meta name=\"twitter:data1\" content=\"2 minutes\" \/>\n<script type=\"application\/ld+json\" class=\"yoast-schema-graph\">{\"@context\":\"https:\/\/schema.org\",\"@graph\":[{\"@type\":\"WebPage\",\"@id\":\"https:\/\/mbalik.yas.mg\/?product=mbalik-home-200x-plus-copie\",\"url\":\"https:\/\/mbalik.yas.mg\/?product=mbalik-home-200x-plus-copie\",\"name\":\"Kit solaire complet Home 200X Plus| MBalik - Mamiratra ny hoaviko\",\"isPartOf\":{\"@id\":\"https:\/\/mbalik.yas.mg\/#website\"},\"datePublished\":\"2024-10-21T08:52:28+00:00\",\"dateModified\":\"2025-12-29T08:44:37+00:00\",\"description\":\"Le MBalik Home 200 X Plus, un kit complet pour illuminer toute la maison avec son Panneau photovolta\u00efque. Paiement cash ou PayGo \u00e0 Madagascar\",\"breadcrumb\":{\"@id\":\"https:\/\/mbalik.yas.mg\/?product=mbalik-home-200x-plus-copie#breadcrumb\"},\"inLanguage\":\"fr-FR\",\"potentialAction\":[{\"@type\":\"ReadAction\",\"target\":[\"https:\/\/mbalik.yas.mg\/?product=mbalik-home-200x-plus-copie\"]}]},{\"@type\":\"BreadcrumbList\",\"@id\":\"https:\/\/mbalik.yas.mg\/?product=mbalik-home-200x-plus-copie#breadcrumb\",\"itemListElement\":[{\"@type\":\"ListItem\",\"position\":1,\"name\":\"Nos produits\",\"item\":\"https:\/\/mbalik.yas.mg\/?page_id=27\"},{\"@type\":\"ListItem\",\"position\":2,\"name\":\"MBalik Home 200X Plus\"}]},{\"@type\":\"WebSite\",\"@id\":\"https:\/\/mbalik.yas.mg\/#website\",\"url\":\"https:\/\/mbalik.yas.mg\/\",\"name\":\"MBalik\",\"description\":\"Mamiratra ny hoaviko !\",\"publisher\":{\"@id\":\"https:\/\/mbalik.yas.mg\/#organization\"},\"potentialAction\":[{\"@type\":\"SearchAction\",\"target\":{\"@type\":\"EntryPoint\",\"urlTemplate\":\"https:\/\/mbalik.yas.mg\/?s={search_term_string}\"},\"query-input\":\"required name=search_term_string\"}],\"inLanguage\":\"fr-FR\"},{\"@type\":\"Organization\",\"@id\":\"https:\/\/mbalik.yas.mg\/#organization\",\"name\":\"MBalik\",\"url\":\"https:\/\/mbalik.yas.mg\/\",\"logo\":{\"@type\":\"ImageObject\",\"inLanguage\":\"fr-FR\",\"@id\":\"https:\/\/mbalik.yas.mg\/#\/schema\/logo\/image\/\",\"url\":\"https:\/\/mbalik.yas.mg\/wp-content\/uploads\/2023\/10\/cropped-logo_MBALIK-02.png\",\"contentUrl\":\"https:\/\/mbalik.yas.mg\/wp-content\/uploads\/2023\/10\/cropped-logo_MBALIK-02.png\",\"width\":2230,\"height\":915,\"caption\":\"MBalik\"},\"image\":{\"@id\":\"https:\/\/mbalik.yas.mg\/#\/schema\/logo\/image\/\"}}]}<\/script>\n<!-- \/ Yoast SEO plugin. -->","yoast_head_json":{"title":"Kit solaire complet Home 200X Plus| MBalik - Mamiratra ny hoaviko","description":"Le MBalik Home 200 X Plus, un kit complet pour illuminer toute la maison avec son Panneau photovolta\u00efque. Paiement cash ou PayGo \u00e0 Madagascar","robots":{"index":"index","follow":"follow","max-snippet":"max-snippet:-1","max-image-preview":"max-image-preview:large","max-video-preview":"max-video-preview:-1"},"canonical":"https:\/\/mbalik.yas.mg\/?product=mbalik-home-200x-plus-copie","og_locale":"fr_FR","og_type":"article","og_title":"Kit solaire complet Home 200X Plus| MBalik - Mamiratra ny hoaviko","og_description":"Le MBalik Home 200 X Plus, un kit complet pour illuminer toute la maison avec son Panneau photovolta\u00efque. Paiement cash ou PayGo \u00e0 Madagascar","og_url":"https:\/\/mbalik.yas.mg\/?product=mbalik-home-200x-plus-copie","og_site_name":"MBalik","article_modified_time":"2025-12-29T08:44:37+00:00","og_image":[{"width":450,"height":550,"url":"https:\/\/mbalik.yas.mg\/wp-content\/uploads\/2022\/09\/Group-6-1.png","type":"image\/png"}],"twitter_card":"summary_large_image","twitter_misc":{"Est. reading time":"2 minutes"},"schema":{"@context":"https:\/\/schema.org","@graph":[{"@type":"WebPage","@id":"https:\/\/mbalik.yas.mg\/?product=mbalik-home-200x-plus-copie","url":"https:\/\/mbalik.yas.mg\/?product=mbalik-home-200x-plus-copie","name":"Kit solaire complet Home 200X Plus| MBalik - Mamiratra ny hoaviko","isPartOf":{"@id":"https:\/\/mbalik.yas.mg\/#website"},"datePublished":"2024-10-21T08:52:28+00:00","dateModified":"2025-12-29T08:44:37+00:00","description":"Le MBalik Home 200 X Plus, un kit complet pour illuminer toute la maison avec son Panneau photovolta\u00efque. Paiement cash ou PayGo \u00e0 Madagascar","breadcrumb":{"@id":"https:\/\/mbalik.yas.mg\/?product=mbalik-home-200x-plus-copie#breadcrumb"},"inLanguage":"fr-FR","potentialAction":[{"@type":"ReadAction","target":["https:\/\/mbalik.yas.mg\/?product=mbalik-home-200x-plus-copie"]}]},{"@type":"BreadcrumbList","@id":"https:\/\/mbalik.yas.mg\/?product=mbalik-home-200x-plus-copie#breadcrumb","itemListElement":[{"@type":"ListItem","position":1,"name":"Nos produits","item":"https:\/\/mbalik.yas.mg\/?page_id=27"},{"@type":"ListItem","position":2,"name":"MBalik Home 200X Plus"}]},{"@type":"WebSite","@id":"https:\/\/mbalik.yas.mg\/#website","url":"https:\/\/mbalik.yas.mg\/","name":"MBalik","description":"Mamiratra ny hoaviko !","publisher":{"@id":"https:\/\/mbalik.yas.mg\/#organization"},"potentialAction":[{"@type":"SearchAction","target":{"@type":"EntryPoint","urlTemplate":"https:\/\/mbalik.yas.mg\/?s={search_term_string}"},"query-input":"required name=search_term_string"}],"inLanguage":"fr-FR"},{"@type":"Organization","@id":"https:\/\/mbalik.yas.mg\/#organization","name":"MBalik","url":"https:\/\/mbalik.yas.mg\/","logo":{"@type":"ImageObject","inLanguage":"fr-FR","@id":"https:\/\/mbalik.yas.mg\/#\/schema\/logo\/image\/","url":"https:\/\/mbalik.yas.mg\/wp-content\/uploads\/2023\/10\/cropped-logo_MBALIK-02.png","contentUrl":"https:\/\/mbalik.yas.mg\/wp-content\/uploads\/2023\/10\/cropped-logo_MBALIK-02.png","width":2230,"height":915,"caption":"MBalik"},"image":{"@id":"https:\/\/mbalik.yas.mg\/#\/schema\/logo\/image\/"}}]}},"_links":{"self":[{"href":"https:\/\/mbalik.yas.mg\/index.php?rest_route=\/wp\/v2\/product\/2481"}],"collection":[{"href":"https:\/\/mbalik.yas.mg\/index.php?rest_route=\/wp\/v2\/product"}],"about":[{"href":"https:\/\/mbalik.yas.mg\/index.php?rest_route=\/wp\/v2\/types\/product"}],"replies":[{"embeddable":true,"href":"https:\/\/mbalik.yas.mg\/index.php?rest_route=%2Fwp%2Fv2%2Fcomments&post=2481"}],"wp:featuredmedia":[{"embeddable":true,"href":"https:\/\/mbalik.yas.mg\/index.php?rest_route=\/wp\/v2\/media\/1816"}],"wp:attachment":[{"href":"https:\/\/mbalik.yas.mg\/index.php?rest_route=%2Fwp%2Fv2%2Fmedia&parent=2481"}],"wp:term":[{"taxonomy":"product_cat","embeddable":true,"href":"https:\/\/mbalik.yas.mg\/index.php?rest_route=%2Fwp%2Fv2%2Fproduct_cat&post=2481"},{"taxonomy":"product_tag","embeddable":true,"href":"https:\/\/mbalik.yas.mg\/index.php?rest_route=%2Fwp%2Fv2%2Fproduct_tag&post=2481"}],"curies":[{"name":"wp","href":"https:\/\/api.w.org\/{rel}","templated":true}]}}