























{"id":2554,"date":"2025-07-08T14:26:55","date_gmt":"2025-07-08T12:26:55","guid":{"rendered":"https:\/\/mbalik.yas.mg\/?post_type=product&#038;p=2554"},"modified":"2025-12-29T09:44:24","modified_gmt":"2025-12-29T08:44:24","slug":"mbalik-wow-tv-tv-32","status":"publish","type":"product","link":"https:\/\/mbalik.yas.mg\/?product=mbalik-wow-tv-tv-32","title":{"rendered":"MBalik WOW TV + TV 32"},"content":{"rendered":"<h4 class=\"heading\">Contenu<\/h4>\n<ul>\n<li>Panneau solaire 50W<\/li>\n<li>Boitier de contr\u00f4le<\/li>\n<li>TV LED HD 32&#8243;<\/li>\n<li>4 plafonniers avec boi1er de d\u00e9rivation<\/li>\n<li>2 plafonniers sans boi1er de d\u00e9rivation<\/li>\n<li>C\u00e2ble de jonction<\/li>\n<li>C\u00e2ble USB \/ Connecteurs<\/li>\n<li>Support de fixation<\/li>\n<li>Attaches<\/li>\n<li>T\u00e9l\u00e9viseur digital HD 32&#8243;<\/li>\n<\/ul>\n<h4 class=\"heading\">Fonctionnalit\u00e9s<\/h4>\n<ul>\n<li>Possibilit\u00e9 de lire du contenu multim\u00e9dia \u00e0 partir d\u2019une cl\u00e9 USB ou d\u2019un p\u00e9riph\u00e9rique HDMI<\/li>\n<li>Chargement de T\u00e9l\u00e9phone<\/li>\n<li>Lampes avec des interrupteurs muraux individuels<\/li>\n<li>Possibilit\u00e9 de brancher les lampes en cascade<\/li>\n<li>Autonomie :<br \/>\n&#8211; 19 heures avec toutes les lampes en mode turbo<br \/>\n&#8211; Plus de 8 heures d\u2019autonomie avec la TV 32\u2019\u2019 et toutes les lampes allum\u00e9es<\/li>\n<li>Compatible avec un d\u00e9codeur TV<\/li>\n<\/ul>\n<h4 class=\"heading\">Caract\u00e9ristiques techniques<\/h4>\n<ul>\n<li>TV : HD digital 32&#8243;<\/li>\n<\/ul>\n<p>&nbsp;<\/p>\n","protected":false},"excerpt":{"rendered":"<p><span style=\"font-weight: 400;\">Acompte de <strong>88 000 <\/strong><\/span><b>Ar TTC* (PayGo)<\/b><\/p>\n<p>Apporter le monde \u00e0 la maison<\/p>\n<p><span style=\"font-weight: 400;\"><strong>(*)<\/strong> Offre soumise aux conditions d&#8217;\u00e9ligibilit\u00e9<\/span><\/p>\n","protected":false},"featured_media":2556,"comment_status":"open","ping_status":"closed","template":"","meta":[],"product_cat":[31],"product_tag":[24],"acf":[],"yoast_head":"<!-- This site is optimized with the Yoast SEO plugin v21.5 - https:\/\/yoast.com\/wordpress\/plugins\/seo\/ -->\n<title>Kit solaire complet Home WOW TV 32&#039;&#039; | MBalik<\/title>\n<meta name=\"description\" content=\"MBalik WOW + TV, un kit d&#039;\u00e9clairage solaire avec 6 lampes et un TV 32. Paiement cash ou PayGo\" \/>\n<meta name=\"robots\" content=\"index, follow, max-snippet:-1, max-image-preview:large, max-video-preview:-1\" \/>\n<link rel=\"canonical\" href=\"https:\/\/mbalik.yas.mg\/?product=mbalik-wow-tv-tv-32\" \/>\n<meta property=\"og:locale\" content=\"fr_FR\" \/>\n<meta property=\"og:type\" content=\"article\" \/>\n<meta property=\"og:title\" content=\"Kit solaire complet Home WOW TV 32&#039;&#039; | MBalik\" \/>\n<meta property=\"og:description\" content=\"MBalik WOW + TV, un kit d&#039;\u00e9clairage solaire avec 6 lampes et un TV 32. Paiement cash ou PayGo\" \/>\n<meta property=\"og:url\" content=\"https:\/\/mbalik.yas.mg\/?product=mbalik-wow-tv-tv-32\" \/>\n<meta property=\"og:site_name\" content=\"MBalik\" \/>\n<meta property=\"article:modified_time\" content=\"2025-12-29T08:44:24+00:00\" \/>\n<meta property=\"og:image\" content=\"https:\/\/mbalik.yas.mg\/wp-content\/uploads\/2025\/07\/wow-tv-32.png\" \/>\n\t<meta property=\"og:image:width\" content=\"511\" \/>\n\t<meta property=\"og:image:height\" content=\"367\" \/>\n\t<meta property=\"og:image:type\" content=\"image\/png\" \/>\n<meta name=\"twitter:card\" content=\"summary_large_image\" \/>\n<meta name=\"twitter:label1\" content=\"Est. reading time\" \/>\n\t<meta name=\"twitter:data1\" content=\"1 minute\" \/>\n<script type=\"application\/ld+json\" class=\"yoast-schema-graph\">{\"@context\":\"https:\/\/schema.org\",\"@graph\":[{\"@type\":\"WebPage\",\"@id\":\"https:\/\/mbalik.yas.mg\/?product=mbalik-wow-tv-tv-32\",\"url\":\"https:\/\/mbalik.yas.mg\/?product=mbalik-wow-tv-tv-32\",\"name\":\"Kit solaire complet Home WOW TV 32'' | MBalik\",\"isPartOf\":{\"@id\":\"https:\/\/mbalik.yas.mg\/#website\"},\"datePublished\":\"2025-07-08T12:26:55+00:00\",\"dateModified\":\"2025-12-29T08:44:24+00:00\",\"description\":\"MBalik WOW + TV, un kit d'\u00e9clairage solaire avec 6 lampes et un TV 32. Paiement cash ou PayGo\",\"breadcrumb\":{\"@id\":\"https:\/\/mbalik.yas.mg\/?product=mbalik-wow-tv-tv-32#breadcrumb\"},\"inLanguage\":\"fr-FR\",\"potentialAction\":[{\"@type\":\"ReadAction\",\"target\":[\"https:\/\/mbalik.yas.mg\/?product=mbalik-wow-tv-tv-32\"]}]},{\"@type\":\"BreadcrumbList\",\"@id\":\"https:\/\/mbalik.yas.mg\/?product=mbalik-wow-tv-tv-32#breadcrumb\",\"itemListElement\":[{\"@type\":\"ListItem\",\"position\":1,\"name\":\"Nos produits\",\"item\":\"https:\/\/mbalik.yas.mg\/?page_id=27\"},{\"@type\":\"ListItem\",\"position\":2,\"name\":\"MBalik WOW TV + TV 32\"}]},{\"@type\":\"WebSite\",\"@id\":\"https:\/\/mbalik.yas.mg\/#website\",\"url\":\"https:\/\/mbalik.yas.mg\/\",\"name\":\"MBalik\",\"description\":\"Mamiratra ny hoaviko !\",\"publisher\":{\"@id\":\"https:\/\/mbalik.yas.mg\/#organization\"},\"potentialAction\":[{\"@type\":\"SearchAction\",\"target\":{\"@type\":\"EntryPoint\",\"urlTemplate\":\"https:\/\/mbalik.yas.mg\/?s={search_term_string}\"},\"query-input\":\"required name=search_term_string\"}],\"inLanguage\":\"fr-FR\"},{\"@type\":\"Organization\",\"@id\":\"https:\/\/mbalik.yas.mg\/#organization\",\"name\":\"MBalik\",\"url\":\"https:\/\/mbalik.yas.mg\/\",\"logo\":{\"@type\":\"ImageObject\",\"inLanguage\":\"fr-FR\",\"@id\":\"https:\/\/mbalik.yas.mg\/#\/schema\/logo\/image\/\",\"url\":\"https:\/\/mbalik.yas.mg\/wp-content\/uploads\/2023\/10\/cropped-logo_MBALIK-02.png\",\"contentUrl\":\"https:\/\/mbalik.yas.mg\/wp-content\/uploads\/2023\/10\/cropped-logo_MBALIK-02.png\",\"width\":2230,\"height\":915,\"caption\":\"MBalik\"},\"image\":{\"@id\":\"https:\/\/mbalik.yas.mg\/#\/schema\/logo\/image\/\"}}]}<\/script>\n<!-- \/ Yoast SEO plugin. -->","yoast_head_json":{"title":"Kit solaire complet Home WOW TV 32'' | MBalik","description":"MBalik WOW + TV, un kit d'\u00e9clairage solaire avec 6 lampes et un TV 32. Paiement cash ou PayGo","robots":{"index":"index","follow":"follow","max-snippet":"max-snippet:-1","max-image-preview":"max-image-preview:large","max-video-preview":"max-video-preview:-1"},"canonical":"https:\/\/mbalik.yas.mg\/?product=mbalik-wow-tv-tv-32","og_locale":"fr_FR","og_type":"article","og_title":"Kit solaire complet Home WOW TV 32'' | MBalik","og_description":"MBalik WOW + TV, un kit d'\u00e9clairage solaire avec 6 lampes et un TV 32. Paiement cash ou PayGo","og_url":"https:\/\/mbalik.yas.mg\/?product=mbalik-wow-tv-tv-32","og_site_name":"MBalik","article_modified_time":"2025-12-29T08:44:24+00:00","og_image":[{"width":511,"height":367,"url":"https:\/\/mbalik.yas.mg\/wp-content\/uploads\/2025\/07\/wow-tv-32.png","type":"image\/png"}],"twitter_card":"summary_large_image","twitter_misc":{"Est. reading time":"1 minute"},"schema":{"@context":"https:\/\/schema.org","@graph":[{"@type":"WebPage","@id":"https:\/\/mbalik.yas.mg\/?product=mbalik-wow-tv-tv-32","url":"https:\/\/mbalik.yas.mg\/?product=mbalik-wow-tv-tv-32","name":"Kit solaire complet Home WOW TV 32'' | MBalik","isPartOf":{"@id":"https:\/\/mbalik.yas.mg\/#website"},"datePublished":"2025-07-08T12:26:55+00:00","dateModified":"2025-12-29T08:44:24+00:00","description":"MBalik WOW + TV, un kit d'\u00e9clairage solaire avec 6 lampes et un TV 32. Paiement cash ou PayGo","breadcrumb":{"@id":"https:\/\/mbalik.yas.mg\/?product=mbalik-wow-tv-tv-32#breadcrumb"},"inLanguage":"fr-FR","potentialAction":[{"@type":"ReadAction","target":["https:\/\/mbalik.yas.mg\/?product=mbalik-wow-tv-tv-32"]}]},{"@type":"BreadcrumbList","@id":"https:\/\/mbalik.yas.mg\/?product=mbalik-wow-tv-tv-32#breadcrumb","itemListElement":[{"@type":"ListItem","position":1,"name":"Nos produits","item":"https:\/\/mbalik.yas.mg\/?page_id=27"},{"@type":"ListItem","position":2,"name":"MBalik WOW TV + TV 32"}]},{"@type":"WebSite","@id":"https:\/\/mbalik.yas.mg\/#website","url":"https:\/\/mbalik.yas.mg\/","name":"MBalik","description":"Mamiratra ny hoaviko !","publisher":{"@id":"https:\/\/mbalik.yas.mg\/#organization"},"potentialAction":[{"@type":"SearchAction","target":{"@type":"EntryPoint","urlTemplate":"https:\/\/mbalik.yas.mg\/?s={search_term_string}"},"query-input":"required name=search_term_string"}],"inLanguage":"fr-FR"},{"@type":"Organization","@id":"https:\/\/mbalik.yas.mg\/#organization","name":"MBalik","url":"https:\/\/mbalik.yas.mg\/","logo":{"@type":"ImageObject","inLanguage":"fr-FR","@id":"https:\/\/mbalik.yas.mg\/#\/schema\/logo\/image\/","url":"https:\/\/mbalik.yas.mg\/wp-content\/uploads\/2023\/10\/cropped-logo_MBALIK-02.png","contentUrl":"https:\/\/mbalik.yas.mg\/wp-content\/uploads\/2023\/10\/cropped-logo_MBALIK-02.png","width":2230,"height":915,"caption":"MBalik"},"image":{"@id":"https:\/\/mbalik.yas.mg\/#\/schema\/logo\/image\/"}}]}},"_links":{"self":[{"href":"https:\/\/mbalik.yas.mg\/index.php?rest_route=\/wp\/v2\/product\/2554"}],"collection":[{"href":"https:\/\/mbalik.yas.mg\/index.php?rest_route=\/wp\/v2\/product"}],"about":[{"href":"https:\/\/mbalik.yas.mg\/index.php?rest_route=\/wp\/v2\/types\/product"}],"replies":[{"embeddable":true,"href":"https:\/\/mbalik.yas.mg\/index.php?rest_route=%2Fwp%2Fv2%2Fcomments&post=2554"}],"wp:featuredmedia":[{"embeddable":true,"href":"https:\/\/mbalik.yas.mg\/index.php?rest_route=\/wp\/v2\/media\/2556"}],"wp:attachment":[{"href":"https:\/\/mbalik.yas.mg\/index.php?rest_route=%2Fwp%2Fv2%2Fmedia&parent=2554"}],"wp:term":[{"taxonomy":"product_cat","embeddable":true,"href":"https:\/\/mbalik.yas.mg\/index.php?rest_route=%2Fwp%2Fv2%2Fproduct_cat&post=2554"},{"taxonomy":"product_tag","embeddable":true,"href":"https:\/\/mbalik.yas.mg\/index.php?rest_route=%2Fwp%2Fv2%2Fproduct_tag&post=2554"}],"curies":[{"name":"wp","href":"https:\/\/api.w.org\/{rel}","templated":true}]}}