























{"id":494,"date":"2022-09-19T12:37:18","date_gmt":"2022-09-19T10:37:18","guid":{"rendered":"https:\/\/mbalik.yas.mg\/e_shop\/?post_type=product&#038;p=494"},"modified":"2024-01-30T15:01:17","modified_gmt":"2024-01-30T14:01:17","slug":"torche","status":"publish","type":"product","link":"https:\/\/mbalik.yas.mg\/?product=torche","title":{"rendered":"MBalik Torche"},"content":{"rendered":"<h4 class=\"heading\"><strong>Contenu<\/strong><\/h4>\n<ul>\n<li>Torche en m\u00e9tal<\/li>\n<li>C\u00e2ble USB<\/li>\n<li>Diffuseur<\/li>\n<li>Cordon de transport<\/li>\n<\/ul>\n<h4 class=\"heading\"><strong>Fonctionnalit\u00e9s<\/strong><\/h4>\n<ul>\n<li>Autonomie :<br \/>\n&#8211; Mode basse consommation : 2,5 heures en mode turbo<br \/>\n&#8211; Mode normal : 8 Heures<br \/>\n&#8211; Mode strobe (clignotant) : 20 heures<\/li>\n<li>Lumi\u00e8re dispers\u00e9e en coiffage avec le diffuseur fourni<\/li>\n<li>Pas besoin de piles<\/li>\n<li>Compatible avec tous les kits HOME<\/li>\n<\/ul>\n<h4 class=\"heading\"><strong>Caract\u00e9ristiques techniques<\/strong><\/h4>\n<ul>\n<li>LED de puissance<\/li>\n<li>Batterie : NMC (Li-ion) 2550 mAh. 3,7 volts.<\/li>\n<li>Indicateur de charge :<br \/>\n&#8211; LED rouge\u00a0: en charge<br \/>\n&#8211; LED vert\u00a0: charg\u00e9<\/li>\n<\/ul>\n","protected":false},"excerpt":{"rendered":"<p>Un \u00e9clairage \u00e9cologique, facile \u00e0 utiliser pour un maximum de lumi\u00e8re !<\/p>\n","protected":false},"featured_media":1839,"comment_status":"open","ping_status":"closed","template":"","meta":[],"product_cat":[27,31],"product_tag":[24],"acf":[],"yoast_head":"<!-- This site is optimized with the Yoast SEO plugin v21.5 - https:\/\/yoast.com\/wordpress\/plugins\/seo\/ -->\n<title>MBalik Torche | MBalik - Mamiratra ny hoaviko<\/title>\n<meta name=\"description\" content=\"MBalik Torche, un \u00e9clairage \u00e9cologique, facile \u00e0 utiliser pour un maximum de lumi\u00e8re !\" \/>\n<meta name=\"robots\" content=\"index, follow, max-snippet:-1, max-image-preview:large, max-video-preview:-1\" \/>\n<link rel=\"canonical\" href=\"https:\/\/mbalik.yas.mg\/?product=torche\" \/>\n<meta property=\"og:locale\" content=\"fr_FR\" \/>\n<meta property=\"og:type\" content=\"article\" \/>\n<meta property=\"og:title\" content=\"MBalik Torche | MBalik - Mamiratra ny hoaviko\" \/>\n<meta property=\"og:description\" content=\"MBalik Torche, un \u00e9clairage \u00e9cologique, facile \u00e0 utiliser pour un maximum de lumi\u00e8re !\" \/>\n<meta property=\"og:url\" content=\"https:\/\/mbalik.yas.mg\/?product=torche\" \/>\n<meta property=\"og:site_name\" content=\"MBalik\" \/>\n<meta property=\"article:modified_time\" content=\"2024-01-30T14:01:17+00:00\" \/>\n<meta property=\"og:image\" content=\"https:\/\/mbalik.yas.mg\/wp-content\/uploads\/2022\/09\/Group-45.png\" \/>\n\t<meta property=\"og:image:width\" content=\"450\" \/>\n\t<meta property=\"og:image:height\" content=\"550\" \/>\n\t<meta property=\"og:image:type\" content=\"image\/png\" \/>\n<meta name=\"twitter:card\" content=\"summary_large_image\" \/>\n<meta name=\"twitter:label1\" content=\"Est. reading time\" \/>\n\t<meta name=\"twitter:data1\" content=\"1 minute\" \/>\n<script type=\"application\/ld+json\" class=\"yoast-schema-graph\">{\"@context\":\"https:\/\/schema.org\",\"@graph\":[{\"@type\":\"WebPage\",\"@id\":\"https:\/\/mbalik.yas.mg\/?product=torche\",\"url\":\"https:\/\/mbalik.yas.mg\/?product=torche\",\"name\":\"MBalik Torche | MBalik - Mamiratra ny hoaviko\",\"isPartOf\":{\"@id\":\"https:\/\/mbalik.yas.mg\/#website\"},\"datePublished\":\"2022-09-19T10:37:18+00:00\",\"dateModified\":\"2024-01-30T14:01:17+00:00\",\"description\":\"MBalik Torche, un \u00e9clairage \u00e9cologique, facile \u00e0 utiliser pour un maximum de lumi\u00e8re !\",\"breadcrumb\":{\"@id\":\"https:\/\/mbalik.yas.mg\/?product=torche#breadcrumb\"},\"inLanguage\":\"fr-FR\",\"potentialAction\":[{\"@type\":\"ReadAction\",\"target\":[\"https:\/\/mbalik.yas.mg\/?product=torche\"]}]},{\"@type\":\"BreadcrumbList\",\"@id\":\"https:\/\/mbalik.yas.mg\/?product=torche#breadcrumb\",\"itemListElement\":[{\"@type\":\"ListItem\",\"position\":1,\"name\":\"Nos produits\",\"item\":\"https:\/\/mbalik.yas.mg\/?page_id=27\"},{\"@type\":\"ListItem\",\"position\":2,\"name\":\"MBalik Torche\"}]},{\"@type\":\"WebSite\",\"@id\":\"https:\/\/mbalik.yas.mg\/#website\",\"url\":\"https:\/\/mbalik.yas.mg\/\",\"name\":\"MBalik\",\"description\":\"Mamiratra ny hoaviko !\",\"publisher\":{\"@id\":\"https:\/\/mbalik.yas.mg\/#organization\"},\"potentialAction\":[{\"@type\":\"SearchAction\",\"target\":{\"@type\":\"EntryPoint\",\"urlTemplate\":\"https:\/\/mbalik.yas.mg\/?s={search_term_string}\"},\"query-input\":\"required name=search_term_string\"}],\"inLanguage\":\"fr-FR\"},{\"@type\":\"Organization\",\"@id\":\"https:\/\/mbalik.yas.mg\/#organization\",\"name\":\"MBalik\",\"url\":\"https:\/\/mbalik.yas.mg\/\",\"logo\":{\"@type\":\"ImageObject\",\"inLanguage\":\"fr-FR\",\"@id\":\"https:\/\/mbalik.yas.mg\/#\/schema\/logo\/image\/\",\"url\":\"https:\/\/mbalik.yas.mg\/wp-content\/uploads\/2023\/10\/cropped-logo_MBALIK-02.png\",\"contentUrl\":\"https:\/\/mbalik.yas.mg\/wp-content\/uploads\/2023\/10\/cropped-logo_MBALIK-02.png\",\"width\":2230,\"height\":915,\"caption\":\"MBalik\"},\"image\":{\"@id\":\"https:\/\/mbalik.yas.mg\/#\/schema\/logo\/image\/\"}}]}<\/script>\n<!-- \/ Yoast SEO plugin. -->","yoast_head_json":{"title":"MBalik Torche | MBalik - Mamiratra ny hoaviko","description":"MBalik Torche, un \u00e9clairage \u00e9cologique, facile \u00e0 utiliser pour un maximum de lumi\u00e8re !","robots":{"index":"index","follow":"follow","max-snippet":"max-snippet:-1","max-image-preview":"max-image-preview:large","max-video-preview":"max-video-preview:-1"},"canonical":"https:\/\/mbalik.yas.mg\/?product=torche","og_locale":"fr_FR","og_type":"article","og_title":"MBalik Torche | MBalik - Mamiratra ny hoaviko","og_description":"MBalik Torche, un \u00e9clairage \u00e9cologique, facile \u00e0 utiliser pour un maximum de lumi\u00e8re !","og_url":"https:\/\/mbalik.yas.mg\/?product=torche","og_site_name":"MBalik","article_modified_time":"2024-01-30T14:01:17+00:00","og_image":[{"width":450,"height":550,"url":"https:\/\/mbalik.yas.mg\/wp-content\/uploads\/2022\/09\/Group-45.png","type":"image\/png"}],"twitter_card":"summary_large_image","twitter_misc":{"Est. reading time":"1 minute"},"schema":{"@context":"https:\/\/schema.org","@graph":[{"@type":"WebPage","@id":"https:\/\/mbalik.yas.mg\/?product=torche","url":"https:\/\/mbalik.yas.mg\/?product=torche","name":"MBalik Torche | MBalik - Mamiratra ny hoaviko","isPartOf":{"@id":"https:\/\/mbalik.yas.mg\/#website"},"datePublished":"2022-09-19T10:37:18+00:00","dateModified":"2024-01-30T14:01:17+00:00","description":"MBalik Torche, un \u00e9clairage \u00e9cologique, facile \u00e0 utiliser pour un maximum de lumi\u00e8re !","breadcrumb":{"@id":"https:\/\/mbalik.yas.mg\/?product=torche#breadcrumb"},"inLanguage":"fr-FR","potentialAction":[{"@type":"ReadAction","target":["https:\/\/mbalik.yas.mg\/?product=torche"]}]},{"@type":"BreadcrumbList","@id":"https:\/\/mbalik.yas.mg\/?product=torche#breadcrumb","itemListElement":[{"@type":"ListItem","position":1,"name":"Nos produits","item":"https:\/\/mbalik.yas.mg\/?page_id=27"},{"@type":"ListItem","position":2,"name":"MBalik Torche"}]},{"@type":"WebSite","@id":"https:\/\/mbalik.yas.mg\/#website","url":"https:\/\/mbalik.yas.mg\/","name":"MBalik","description":"Mamiratra ny hoaviko !","publisher":{"@id":"https:\/\/mbalik.yas.mg\/#organization"},"potentialAction":[{"@type":"SearchAction","target":{"@type":"EntryPoint","urlTemplate":"https:\/\/mbalik.yas.mg\/?s={search_term_string}"},"query-input":"required name=search_term_string"}],"inLanguage":"fr-FR"},{"@type":"Organization","@id":"https:\/\/mbalik.yas.mg\/#organization","name":"MBalik","url":"https:\/\/mbalik.yas.mg\/","logo":{"@type":"ImageObject","inLanguage":"fr-FR","@id":"https:\/\/mbalik.yas.mg\/#\/schema\/logo\/image\/","url":"https:\/\/mbalik.yas.mg\/wp-content\/uploads\/2023\/10\/cropped-logo_MBALIK-02.png","contentUrl":"https:\/\/mbalik.yas.mg\/wp-content\/uploads\/2023\/10\/cropped-logo_MBALIK-02.png","width":2230,"height":915,"caption":"MBalik"},"image":{"@id":"https:\/\/mbalik.yas.mg\/#\/schema\/logo\/image\/"}}]}},"_links":{"self":[{"href":"https:\/\/mbalik.yas.mg\/index.php?rest_route=\/wp\/v2\/product\/494"}],"collection":[{"href":"https:\/\/mbalik.yas.mg\/index.php?rest_route=\/wp\/v2\/product"}],"about":[{"href":"https:\/\/mbalik.yas.mg\/index.php?rest_route=\/wp\/v2\/types\/product"}],"replies":[{"embeddable":true,"href":"https:\/\/mbalik.yas.mg\/index.php?rest_route=%2Fwp%2Fv2%2Fcomments&post=494"}],"wp:featuredmedia":[{"embeddable":true,"href":"https:\/\/mbalik.yas.mg\/index.php?rest_route=\/wp\/v2\/media\/1839"}],"wp:attachment":[{"href":"https:\/\/mbalik.yas.mg\/index.php?rest_route=%2Fwp%2Fv2%2Fmedia&parent=494"}],"wp:term":[{"taxonomy":"product_cat","embeddable":true,"href":"https:\/\/mbalik.yas.mg\/index.php?rest_route=%2Fwp%2Fv2%2Fproduct_cat&post=494"},{"taxonomy":"product_tag","embeddable":true,"href":"https:\/\/mbalik.yas.mg\/index.php?rest_route=%2Fwp%2Fv2%2Fproduct_tag&post=494"}],"curies":[{"name":"wp","href":"https:\/\/api.w.org\/{rel}","templated":true}]}}