























{"id":506,"date":"2022-09-19T12:37:19","date_gmt":"2022-09-19T10:37:19","guid":{"rendered":"https:\/\/mbalik.yas.mg\/e_shop\/?post_type=product&#038;p=506"},"modified":"2024-01-30T15:00:22","modified_gmt":"2024-01-30T14:00:22","slug":"radio","status":"publish","type":"product","link":"https:\/\/mbalik.yas.mg\/?product=radio","title":{"rendered":"MBalik Radio"},"content":{"rendered":"<h4 class=\"heading\"><strong>Contenu<\/strong><\/h4>\n<ul>\n<li>Radio<\/li>\n<li>Batterie amovible<\/li>\n<li>C\u00e2ble USB<\/li>\n<\/ul>\n<h4 class=\"heading\"><strong>Fonctionnalit\u00e9s<\/strong><\/h4>\n<ul>\n<li>Autonomie : 5H d\u2019autonomie minimum<\/li>\n<li>Radio FM<\/li>\n<li>Lecteur MP3<\/li>\n<li>M\u00e9morisation de vos stations pr\u00e9f\u00e9r\u00e9es<\/li>\n<li>Affichage num\u00e9rique<\/li>\n<\/ul>\n<h4 class=\"heading\"><strong>Caract\u00e9ristiques techniques<\/strong><\/h4>\n<ul>\n<li>Sortie : 2.5W<\/li>\n<li>Haut-parleur : 40mm<\/li>\n<li>Imp\u00e9dance : 40\u03a9<\/li>\n<li>Tension : DC 5V<\/li>\n<li>Batterie Li : 650mAh (BL-5C)<\/li>\n<li>Poids Net : 116g<\/li>\n<li>Taille : 120*64*30.5 mm<\/li>\n<\/ul>\n","protected":false},"excerpt":{"rendered":"<p>Ecouter la radio et vos musiques pr\u00e9f\u00e9r\u00e9es o\u00f9 vous voulez et quand vous voulez !<\/p>\n","protected":false},"featured_media":1840,"comment_status":"open","ping_status":"closed","template":"","meta":[],"product_cat":[31],"product_tag":[],"acf":[],"yoast_head":"<!-- This site is optimized with the Yoast SEO plugin v21.5 - https:\/\/yoast.com\/wordpress\/plugins\/seo\/ -->\n<title>MBalik Radio solaire | MBalik - Mamiratra ny hoaviko<\/title>\n<meta name=\"description\" content=\"Avec MBalik Radio solaire, couter la radio et vos musiques pr\u00e9f\u00e9r\u00e9es o\u00f9 vous voulez et quand vous voulez \u00e0 Madagascar.\" \/>\n<meta name=\"robots\" content=\"index, follow, max-snippet:-1, max-image-preview:large, max-video-preview:-1\" \/>\n<link rel=\"canonical\" href=\"https:\/\/mbalik.yas.mg\/?product=radio\" \/>\n<meta property=\"og:locale\" content=\"fr_FR\" \/>\n<meta property=\"og:type\" content=\"article\" \/>\n<meta property=\"og:title\" content=\"MBalik Radio solaire | MBalik - Mamiratra ny hoaviko\" \/>\n<meta property=\"og:description\" content=\"Avec MBalik Radio solaire, couter la radio et vos musiques pr\u00e9f\u00e9r\u00e9es o\u00f9 vous voulez et quand vous voulez \u00e0 Madagascar.\" \/>\n<meta property=\"og:url\" content=\"https:\/\/mbalik.yas.mg\/?product=radio\" \/>\n<meta property=\"og:site_name\" content=\"MBalik\" \/>\n<meta property=\"article:modified_time\" content=\"2024-01-30T14:00:22+00:00\" \/>\n<meta property=\"og:image\" content=\"https:\/\/mbalik.yas.mg\/wp-content\/uploads\/2022\/09\/Group-47.png\" \/>\n\t<meta property=\"og:image:width\" content=\"450\" \/>\n\t<meta property=\"og:image:height\" content=\"550\" \/>\n\t<meta property=\"og:image:type\" content=\"image\/png\" \/>\n<meta name=\"twitter:card\" content=\"summary_large_image\" \/>\n<meta name=\"twitter:label1\" content=\"Est. reading time\" \/>\n\t<meta name=\"twitter:data1\" content=\"1 minute\" \/>\n<script type=\"application\/ld+json\" class=\"yoast-schema-graph\">{\"@context\":\"https:\/\/schema.org\",\"@graph\":[{\"@type\":\"WebPage\",\"@id\":\"https:\/\/mbalik.yas.mg\/?product=radio\",\"url\":\"https:\/\/mbalik.yas.mg\/?product=radio\",\"name\":\"MBalik Radio solaire | MBalik - Mamiratra ny hoaviko\",\"isPartOf\":{\"@id\":\"https:\/\/mbalik.yas.mg\/#website\"},\"datePublished\":\"2022-09-19T10:37:19+00:00\",\"dateModified\":\"2024-01-30T14:00:22+00:00\",\"description\":\"Avec MBalik Radio solaire, couter la radio et vos musiques pr\u00e9f\u00e9r\u00e9es o\u00f9 vous voulez et quand vous voulez \u00e0 Madagascar.\",\"breadcrumb\":{\"@id\":\"https:\/\/mbalik.yas.mg\/?product=radio#breadcrumb\"},\"inLanguage\":\"fr-FR\",\"potentialAction\":[{\"@type\":\"ReadAction\",\"target\":[\"https:\/\/mbalik.yas.mg\/?product=radio\"]}]},{\"@type\":\"BreadcrumbList\",\"@id\":\"https:\/\/mbalik.yas.mg\/?product=radio#breadcrumb\",\"itemListElement\":[{\"@type\":\"ListItem\",\"position\":1,\"name\":\"Nos produits\",\"item\":\"https:\/\/mbalik.yas.mg\/?page_id=27\"},{\"@type\":\"ListItem\",\"position\":2,\"name\":\"MBalik Radio\"}]},{\"@type\":\"WebSite\",\"@id\":\"https:\/\/mbalik.yas.mg\/#website\",\"url\":\"https:\/\/mbalik.yas.mg\/\",\"name\":\"MBalik\",\"description\":\"Mamiratra ny hoaviko !\",\"publisher\":{\"@id\":\"https:\/\/mbalik.yas.mg\/#organization\"},\"potentialAction\":[{\"@type\":\"SearchAction\",\"target\":{\"@type\":\"EntryPoint\",\"urlTemplate\":\"https:\/\/mbalik.yas.mg\/?s={search_term_string}\"},\"query-input\":\"required name=search_term_string\"}],\"inLanguage\":\"fr-FR\"},{\"@type\":\"Organization\",\"@id\":\"https:\/\/mbalik.yas.mg\/#organization\",\"name\":\"MBalik\",\"url\":\"https:\/\/mbalik.yas.mg\/\",\"logo\":{\"@type\":\"ImageObject\",\"inLanguage\":\"fr-FR\",\"@id\":\"https:\/\/mbalik.yas.mg\/#\/schema\/logo\/image\/\",\"url\":\"https:\/\/mbalik.yas.mg\/wp-content\/uploads\/2023\/10\/cropped-logo_MBALIK-02.png\",\"contentUrl\":\"https:\/\/mbalik.yas.mg\/wp-content\/uploads\/2023\/10\/cropped-logo_MBALIK-02.png\",\"width\":2230,\"height\":915,\"caption\":\"MBalik\"},\"image\":{\"@id\":\"https:\/\/mbalik.yas.mg\/#\/schema\/logo\/image\/\"}}]}<\/script>\n<!-- \/ Yoast SEO plugin. -->","yoast_head_json":{"title":"MBalik Radio solaire | MBalik - Mamiratra ny hoaviko","description":"Avec MBalik Radio solaire, couter la radio et vos musiques pr\u00e9f\u00e9r\u00e9es o\u00f9 vous voulez et quand vous voulez \u00e0 Madagascar.","robots":{"index":"index","follow":"follow","max-snippet":"max-snippet:-1","max-image-preview":"max-image-preview:large","max-video-preview":"max-video-preview:-1"},"canonical":"https:\/\/mbalik.yas.mg\/?product=radio","og_locale":"fr_FR","og_type":"article","og_title":"MBalik Radio solaire | MBalik - Mamiratra ny hoaviko","og_description":"Avec MBalik Radio solaire, couter la radio et vos musiques pr\u00e9f\u00e9r\u00e9es o\u00f9 vous voulez et quand vous voulez \u00e0 Madagascar.","og_url":"https:\/\/mbalik.yas.mg\/?product=radio","og_site_name":"MBalik","article_modified_time":"2024-01-30T14:00:22+00:00","og_image":[{"width":450,"height":550,"url":"https:\/\/mbalik.yas.mg\/wp-content\/uploads\/2022\/09\/Group-47.png","type":"image\/png"}],"twitter_card":"summary_large_image","twitter_misc":{"Est. reading time":"1 minute"},"schema":{"@context":"https:\/\/schema.org","@graph":[{"@type":"WebPage","@id":"https:\/\/mbalik.yas.mg\/?product=radio","url":"https:\/\/mbalik.yas.mg\/?product=radio","name":"MBalik Radio solaire | MBalik - Mamiratra ny hoaviko","isPartOf":{"@id":"https:\/\/mbalik.yas.mg\/#website"},"datePublished":"2022-09-19T10:37:19+00:00","dateModified":"2024-01-30T14:00:22+00:00","description":"Avec MBalik Radio solaire, couter la radio et vos musiques pr\u00e9f\u00e9r\u00e9es o\u00f9 vous voulez et quand vous voulez \u00e0 Madagascar.","breadcrumb":{"@id":"https:\/\/mbalik.yas.mg\/?product=radio#breadcrumb"},"inLanguage":"fr-FR","potentialAction":[{"@type":"ReadAction","target":["https:\/\/mbalik.yas.mg\/?product=radio"]}]},{"@type":"BreadcrumbList","@id":"https:\/\/mbalik.yas.mg\/?product=radio#breadcrumb","itemListElement":[{"@type":"ListItem","position":1,"name":"Nos produits","item":"https:\/\/mbalik.yas.mg\/?page_id=27"},{"@type":"ListItem","position":2,"name":"MBalik Radio"}]},{"@type":"WebSite","@id":"https:\/\/mbalik.yas.mg\/#website","url":"https:\/\/mbalik.yas.mg\/","name":"MBalik","description":"Mamiratra ny hoaviko !","publisher":{"@id":"https:\/\/mbalik.yas.mg\/#organization"},"potentialAction":[{"@type":"SearchAction","target":{"@type":"EntryPoint","urlTemplate":"https:\/\/mbalik.yas.mg\/?s={search_term_string}"},"query-input":"required name=search_term_string"}],"inLanguage":"fr-FR"},{"@type":"Organization","@id":"https:\/\/mbalik.yas.mg\/#organization","name":"MBalik","url":"https:\/\/mbalik.yas.mg\/","logo":{"@type":"ImageObject","inLanguage":"fr-FR","@id":"https:\/\/mbalik.yas.mg\/#\/schema\/logo\/image\/","url":"https:\/\/mbalik.yas.mg\/wp-content\/uploads\/2023\/10\/cropped-logo_MBALIK-02.png","contentUrl":"https:\/\/mbalik.yas.mg\/wp-content\/uploads\/2023\/10\/cropped-logo_MBALIK-02.png","width":2230,"height":915,"caption":"MBalik"},"image":{"@id":"https:\/\/mbalik.yas.mg\/#\/schema\/logo\/image\/"}}]}},"_links":{"self":[{"href":"https:\/\/mbalik.yas.mg\/index.php?rest_route=\/wp\/v2\/product\/506"}],"collection":[{"href":"https:\/\/mbalik.yas.mg\/index.php?rest_route=\/wp\/v2\/product"}],"about":[{"href":"https:\/\/mbalik.yas.mg\/index.php?rest_route=\/wp\/v2\/types\/product"}],"replies":[{"embeddable":true,"href":"https:\/\/mbalik.yas.mg\/index.php?rest_route=%2Fwp%2Fv2%2Fcomments&post=506"}],"wp:featuredmedia":[{"embeddable":true,"href":"https:\/\/mbalik.yas.mg\/index.php?rest_route=\/wp\/v2\/media\/1840"}],"wp:attachment":[{"href":"https:\/\/mbalik.yas.mg\/index.php?rest_route=%2Fwp%2Fv2%2Fmedia&parent=506"}],"wp:term":[{"taxonomy":"product_cat","embeddable":true,"href":"https:\/\/mbalik.yas.mg\/index.php?rest_route=%2Fwp%2Fv2%2Fproduct_cat&post=506"},{"taxonomy":"product_tag","embeddable":true,"href":"https:\/\/mbalik.yas.mg\/index.php?rest_route=%2Fwp%2Fv2%2Fproduct_tag&post=506"}],"curies":[{"name":"wp","href":"https:\/\/api.w.org\/{rel}","templated":true}]}}