























{"id":955,"date":"2022-09-24T10:17:38","date_gmt":"2022-09-24T08:17:38","guid":{"rendered":"https:\/\/dev-test-31.xyz\/eshop_telma\/?post_type=product&#038;p=955"},"modified":"2025-12-29T09:45:06","modified_gmt":"2025-12-29T08:45:06","slug":"pro","status":"publish","type":"product","link":"https:\/\/mbalik.yas.mg\/?product=pro","title":{"rendered":"MBalik Pro"},"content":{"rendered":"<h4 class=\"heading\">Contenu<\/h4>\n<ul>\n<li>Panneau solaire<\/li>\n<li>Lanterne portable<\/li>\n<li>C\u00e2ble USB \/ Connecteurs<\/li>\n<li>Support de fixation<\/li>\n<\/ul>\n<h4 class=\"heading\">Fonctionnalit\u00e9s<\/h4>\n<ul>\n<li>Chargement de T\u00e9l\u00e9phone<\/li>\n<li>Autonomie :<br \/>\n&#8211; Mode basse consommation : 36 heures en 25 lumens<br \/>\n&#8211; Mode normal : 12 heures en 75 lumens<br \/>\n&#8211; Mode turbo : 6 heures en 160 lumens<\/li>\n<\/ul>\n<h4 class=\"heading\">Caract\u00e9ristiques techniques<\/h4>\n<ul>\n<li>Panneau solaire : Panneau polycristalline avec cadre en alluminium et fil de 5 m\u00e8tres de long. 2,7W. 4,9 volts<\/li>\n<li>Batterie : En Lithium Ferro-phosphate (LFP). 3000 mAh. 3,3 volts.<\/li>\n<li>Bo\u00eetier : Plastique ABS et polycarbonate rigide.<\/li>\n<li>Indicateur de batterie : affichage LED indiquant la puissance restante<\/li>\n<li>Indicateur de niveau de charge solaire : Affichage LED indiquant l&#8217;efficacit\u00e9 de la charge sur une \u00e9chelle de 1 \u00e0 5, pour aider \u00e0 l&#8217;optimisation de l&#8217;orientation du panneau.<\/li>\n<li>R\u00e9gulateur de puissance : technologie permettant un basculement automatique en mode basse consommation lorsque la batterie est faible, permettant de profiter d&#8217;un temps\u00a0 \u00a0 d&#8217;\u00e9clairage plus long.<\/li>\n<li>Plafonniers : LED de puissance avec un flux total de 175 lumens. Efficacit\u00e9 minimale : 160 lumens par watt<\/li>\n<\/ul>\n<p><img decoding=\"async\" loading=\"lazy\" class=\"alignnone wp-image-1503 size-medium\" src=\"https:\/\/mbalik.yas.mg\/wp-content\/uploads\/2023\/10\/MBalik-Pro-plv-240x300.jpeg\" alt=\"\" width=\"240\" height=\"300\" srcset=\"https:\/\/mbalik.yas.mg\/wp-content\/uploads\/2023\/10\/MBalik-Pro-plv-240x300.jpeg 240w, https:\/\/mbalik.yas.mg\/wp-content\/uploads\/2023\/10\/MBalik-Pro-plv-380x475.jpeg 380w, https:\/\/mbalik.yas.mg\/wp-content\/uploads\/2023\/10\/MBalik-Pro-plv.jpeg 400w\" sizes=\"(max-width: 240px) 100vw, 240px\" \/><\/p>\n","protected":false},"excerpt":{"rendered":"<p>Acompte de\u00a0<strong>15 000 Ar TTC<sup>*<\/sup> (PayGo)<\/strong><\/p>\n<p>Lumi\u00e8re portable et chargeur d&#8217;appareil longue dur\u00e9e<\/p>\n<p><strong>(*)<\/strong> Offre soumise aux conditions d&#8217;\u00e9ligibilit\u00e9<\/p>\n","protected":false},"featured_media":1966,"comment_status":"open","ping_status":"closed","template":"","meta":[],"product_cat":[31],"product_tag":[],"acf":[],"yoast_head":"<!-- This site is optimized with the Yoast SEO plugin v21.5 - https:\/\/yoast.com\/wordpress\/plugins\/seo\/ -->\n<title>Lanterne solaire portable MBalik Pro | MBalik<\/title>\n<meta name=\"description\" content=\"Lanterne \u00e0 \u00e9nergie solaire MBalik Pro, une lumi\u00e8re portable et chargeur d\u2019appareil longue dur\u00e9e avec un panneau photovolta\u00efque. Paiement cash ou PayGo\" \/>\n<meta name=\"robots\" content=\"index, follow, max-snippet:-1, max-image-preview:large, max-video-preview:-1\" \/>\n<link rel=\"canonical\" href=\"https:\/\/mbalik.yas.mg\/?product=pro\" \/>\n<meta property=\"og:locale\" content=\"fr_FR\" \/>\n<meta property=\"og:type\" content=\"article\" \/>\n<meta property=\"og:title\" content=\"Lanterne solaire portable MBalik Pro | MBalik\" \/>\n<meta property=\"og:description\" content=\"Lanterne \u00e0 \u00e9nergie solaire MBalik Pro, une lumi\u00e8re portable et chargeur d\u2019appareil longue dur\u00e9e avec un panneau photovolta\u00efque. Paiement cash ou PayGo\" \/>\n<meta property=\"og:url\" content=\"https:\/\/mbalik.yas.mg\/?product=pro\" \/>\n<meta property=\"og:site_name\" content=\"MBalik\" \/>\n<meta property=\"article:modified_time\" content=\"2025-12-29T08:45:06+00:00\" \/>\n<meta property=\"og:image\" content=\"https:\/\/mbalik.yas.mg\/wp-content\/uploads\/2022\/09\/Group-49-1.png\" \/>\n\t<meta property=\"og:image:width\" content=\"450\" \/>\n\t<meta property=\"og:image:height\" content=\"550\" \/>\n\t<meta property=\"og:image:type\" content=\"image\/png\" \/>\n<meta name=\"twitter:card\" content=\"summary_large_image\" \/>\n<meta name=\"twitter:label1\" content=\"Est. reading time\" \/>\n\t<meta name=\"twitter:data1\" content=\"1 minute\" \/>\n<script type=\"application\/ld+json\" class=\"yoast-schema-graph\">{\"@context\":\"https:\/\/schema.org\",\"@graph\":[{\"@type\":\"WebPage\",\"@id\":\"https:\/\/mbalik.yas.mg\/?product=pro\",\"url\":\"https:\/\/mbalik.yas.mg\/?product=pro\",\"name\":\"Lanterne solaire portable MBalik Pro | MBalik\",\"isPartOf\":{\"@id\":\"https:\/\/mbalik.yas.mg\/#website\"},\"datePublished\":\"2022-09-24T08:17:38+00:00\",\"dateModified\":\"2025-12-29T08:45:06+00:00\",\"description\":\"Lanterne \u00e0 \u00e9nergie solaire MBalik Pro, une lumi\u00e8re portable et chargeur d\u2019appareil longue dur\u00e9e avec un panneau photovolta\u00efque. Paiement cash ou PayGo\",\"breadcrumb\":{\"@id\":\"https:\/\/mbalik.yas.mg\/?product=pro#breadcrumb\"},\"inLanguage\":\"fr-FR\",\"potentialAction\":[{\"@type\":\"ReadAction\",\"target\":[\"https:\/\/mbalik.yas.mg\/?product=pro\"]}]},{\"@type\":\"BreadcrumbList\",\"@id\":\"https:\/\/mbalik.yas.mg\/?product=pro#breadcrumb\",\"itemListElement\":[{\"@type\":\"ListItem\",\"position\":1,\"name\":\"Nos produits\",\"item\":\"https:\/\/mbalik.yas.mg\/?page_id=27\"},{\"@type\":\"ListItem\",\"position\":2,\"name\":\"MBalik Pro\"}]},{\"@type\":\"WebSite\",\"@id\":\"https:\/\/mbalik.yas.mg\/#website\",\"url\":\"https:\/\/mbalik.yas.mg\/\",\"name\":\"MBalik\",\"description\":\"Mamiratra ny hoaviko !\",\"publisher\":{\"@id\":\"https:\/\/mbalik.yas.mg\/#organization\"},\"potentialAction\":[{\"@type\":\"SearchAction\",\"target\":{\"@type\":\"EntryPoint\",\"urlTemplate\":\"https:\/\/mbalik.yas.mg\/?s={search_term_string}\"},\"query-input\":\"required name=search_term_string\"}],\"inLanguage\":\"fr-FR\"},{\"@type\":\"Organization\",\"@id\":\"https:\/\/mbalik.yas.mg\/#organization\",\"name\":\"MBalik\",\"url\":\"https:\/\/mbalik.yas.mg\/\",\"logo\":{\"@type\":\"ImageObject\",\"inLanguage\":\"fr-FR\",\"@id\":\"https:\/\/mbalik.yas.mg\/#\/schema\/logo\/image\/\",\"url\":\"https:\/\/mbalik.yas.mg\/wp-content\/uploads\/2023\/10\/cropped-logo_MBALIK-02.png\",\"contentUrl\":\"https:\/\/mbalik.yas.mg\/wp-content\/uploads\/2023\/10\/cropped-logo_MBALIK-02.png\",\"width\":2230,\"height\":915,\"caption\":\"MBalik\"},\"image\":{\"@id\":\"https:\/\/mbalik.yas.mg\/#\/schema\/logo\/image\/\"}}]}<\/script>\n<!-- \/ Yoast SEO plugin. -->","yoast_head_json":{"title":"Lanterne solaire portable MBalik Pro | MBalik","description":"Lanterne \u00e0 \u00e9nergie solaire MBalik Pro, une lumi\u00e8re portable et chargeur d\u2019appareil longue dur\u00e9e avec un panneau photovolta\u00efque. Paiement cash ou PayGo","robots":{"index":"index","follow":"follow","max-snippet":"max-snippet:-1","max-image-preview":"max-image-preview:large","max-video-preview":"max-video-preview:-1"},"canonical":"https:\/\/mbalik.yas.mg\/?product=pro","og_locale":"fr_FR","og_type":"article","og_title":"Lanterne solaire portable MBalik Pro | MBalik","og_description":"Lanterne \u00e0 \u00e9nergie solaire MBalik Pro, une lumi\u00e8re portable et chargeur d\u2019appareil longue dur\u00e9e avec un panneau photovolta\u00efque. Paiement cash ou PayGo","og_url":"https:\/\/mbalik.yas.mg\/?product=pro","og_site_name":"MBalik","article_modified_time":"2025-12-29T08:45:06+00:00","og_image":[{"width":450,"height":550,"url":"https:\/\/mbalik.yas.mg\/wp-content\/uploads\/2022\/09\/Group-49-1.png","type":"image\/png"}],"twitter_card":"summary_large_image","twitter_misc":{"Est. reading time":"1 minute"},"schema":{"@context":"https:\/\/schema.org","@graph":[{"@type":"WebPage","@id":"https:\/\/mbalik.yas.mg\/?product=pro","url":"https:\/\/mbalik.yas.mg\/?product=pro","name":"Lanterne solaire portable MBalik Pro | MBalik","isPartOf":{"@id":"https:\/\/mbalik.yas.mg\/#website"},"datePublished":"2022-09-24T08:17:38+00:00","dateModified":"2025-12-29T08:45:06+00:00","description":"Lanterne \u00e0 \u00e9nergie solaire MBalik Pro, une lumi\u00e8re portable et chargeur d\u2019appareil longue dur\u00e9e avec un panneau photovolta\u00efque. Paiement cash ou PayGo","breadcrumb":{"@id":"https:\/\/mbalik.yas.mg\/?product=pro#breadcrumb"},"inLanguage":"fr-FR","potentialAction":[{"@type":"ReadAction","target":["https:\/\/mbalik.yas.mg\/?product=pro"]}]},{"@type":"BreadcrumbList","@id":"https:\/\/mbalik.yas.mg\/?product=pro#breadcrumb","itemListElement":[{"@type":"ListItem","position":1,"name":"Nos produits","item":"https:\/\/mbalik.yas.mg\/?page_id=27"},{"@type":"ListItem","position":2,"name":"MBalik Pro"}]},{"@type":"WebSite","@id":"https:\/\/mbalik.yas.mg\/#website","url":"https:\/\/mbalik.yas.mg\/","name":"MBalik","description":"Mamiratra ny hoaviko !","publisher":{"@id":"https:\/\/mbalik.yas.mg\/#organization"},"potentialAction":[{"@type":"SearchAction","target":{"@type":"EntryPoint","urlTemplate":"https:\/\/mbalik.yas.mg\/?s={search_term_string}"},"query-input":"required name=search_term_string"}],"inLanguage":"fr-FR"},{"@type":"Organization","@id":"https:\/\/mbalik.yas.mg\/#organization","name":"MBalik","url":"https:\/\/mbalik.yas.mg\/","logo":{"@type":"ImageObject","inLanguage":"fr-FR","@id":"https:\/\/mbalik.yas.mg\/#\/schema\/logo\/image\/","url":"https:\/\/mbalik.yas.mg\/wp-content\/uploads\/2023\/10\/cropped-logo_MBALIK-02.png","contentUrl":"https:\/\/mbalik.yas.mg\/wp-content\/uploads\/2023\/10\/cropped-logo_MBALIK-02.png","width":2230,"height":915,"caption":"MBalik"},"image":{"@id":"https:\/\/mbalik.yas.mg\/#\/schema\/logo\/image\/"}}]}},"_links":{"self":[{"href":"https:\/\/mbalik.yas.mg\/index.php?rest_route=\/wp\/v2\/product\/955"}],"collection":[{"href":"https:\/\/mbalik.yas.mg\/index.php?rest_route=\/wp\/v2\/product"}],"about":[{"href":"https:\/\/mbalik.yas.mg\/index.php?rest_route=\/wp\/v2\/types\/product"}],"replies":[{"embeddable":true,"href":"https:\/\/mbalik.yas.mg\/index.php?rest_route=%2Fwp%2Fv2%2Fcomments&post=955"}],"wp:featuredmedia":[{"embeddable":true,"href":"https:\/\/mbalik.yas.mg\/index.php?rest_route=\/wp\/v2\/media\/1966"}],"wp:attachment":[{"href":"https:\/\/mbalik.yas.mg\/index.php?rest_route=%2Fwp%2Fv2%2Fmedia&parent=955"}],"wp:term":[{"taxonomy":"product_cat","embeddable":true,"href":"https:\/\/mbalik.yas.mg\/index.php?rest_route=%2Fwp%2Fv2%2Fproduct_cat&post=955"},{"taxonomy":"product_tag","embeddable":true,"href":"https:\/\/mbalik.yas.mg\/index.php?rest_route=%2Fwp%2Fv2%2Fproduct_tag&post=955"}],"curies":[{"name":"wp","href":"https:\/\/api.w.org\/{rel}","templated":true}]}}