























{"id":970,"date":"2022-09-27T11:09:26","date_gmt":"2022-09-27T09:09:26","guid":{"rendered":"https:\/\/dev-test-31.xyz\/eshop_telma\/?post_type=product&#038;p=970"},"modified":"2025-12-29T09:45:05","modified_gmt":"2025-12-29T08:45:05","slug":"boom","status":"publish","type":"product","link":"https:\/\/mbalik.yas.mg\/?product=boom","title":{"rendered":"MBalik Boom"},"content":{"rendered":"<h4>Contenu<\/h4>\n<ul>\n<li style=\"font-weight: 400;\" aria-level=\"1\"><span style=\"font-weight: 400;\">Panneau solaire<\/span><\/li>\n<li style=\"font-weight: 400;\" aria-level=\"1\"><span style=\"font-weight: 400;\">Lanterne portable avec radio int\u00e9gr\u00e9e<\/span><\/li>\n<li style=\"font-weight: 400;\" aria-level=\"1\"><span style=\"font-weight: 400;\">C\u00e2ble USB \/ connecteurs<\/span><\/li>\n<li style=\"font-weight: 400;\" aria-level=\"1\"><span style=\"font-weight: 400;\">Support de fixation<\/span><\/li>\n<\/ul>\n<h4>Fonctionnalit\u00e9s<\/h4>\n<ul>\n<li style=\"font-weight: 400;\" aria-level=\"1\"><span style=\"font-weight: 400;\">Chargement de T\u00e9l\u00e9phone<\/span><\/li>\n<li style=\"font-weight: 400;\" aria-level=\"1\"><span style=\"font-weight: 400;\">Autonomie :<\/span>\n<ul>\n<li style=\"font-weight: 400;\" aria-level=\"2\"><span style=\"font-weight: 400;\">Mode basse consommation : 36 heures en 25 lumens<\/span><\/li>\n<li style=\"font-weight: 400;\" aria-level=\"2\"><span style=\"font-weight: 400;\">Mode normal : 12 heures en 75 lumens<\/span><\/li>\n<li style=\"font-weight: 400;\" aria-level=\"2\"><span style=\"font-weight: 400;\">Mode turbo : 6 heures en 160 lumens<\/span><\/li>\n<\/ul>\n<\/li>\n<li style=\"font-weight: 400;\" aria-level=\"1\"><span style=\"font-weight: 400;\">Affichage num\u00e9rique<\/span><\/li>\n<li style=\"font-weight: 400;\" aria-level=\"1\"><span style=\"font-weight: 400;\">M\u00e9morisation des stations FM<\/span><\/li>\n<li style=\"font-weight: 400;\" aria-level=\"1\"><span style=\"font-weight: 400;\">Pas besoin de piles<\/span><\/li>\n<li style=\"font-weight: 400;\" aria-level=\"1\"><span style=\"font-weight: 400;\">Compatible avec tous les kits HOME<\/span><\/li>\n<\/ul>\n<h4>Caract\u00e9ristiques techniques<\/h4>\n<ul>\n<li style=\"font-weight: 400;\" aria-level=\"1\"><span style=\"font-weight: 400;\">Panneau solaire : Panneau polycristalline avec cadre en aluminium et fil de 5 m\u00e8tres de long. 2,7W. 4,9 volts<\/span><\/li>\n<li style=\"font-weight: 400;\" aria-level=\"1\"><span style=\"font-weight: 400;\">Batterie : En Lithium Ferro-phosphate (LFP). 3000 mAh. 3,3 volts.<\/span><\/li>\n<li style=\"font-weight: 400;\" aria-level=\"1\"><span style=\"font-weight: 400;\">Bo\u00eetier : Plastique ABS et polycarbonate rigide.<\/span><\/li>\n<li style=\"font-weight: 400;\" aria-level=\"1\"><span style=\"font-weight: 400;\">Indicateur de batterie : affichage LED indiquant la puissance restante<\/span><\/li>\n<li style=\"font-weight: 400;\" aria-level=\"1\"><span style=\"font-weight: 400;\">Indicateur de niveau de charge solaire : Affichage LED indiquant l&#8217;efficacit\u00e9 de la charge sur une \u00e9chelle de 1 \u00e0 5, pour aider \u00e0 l&#8217;optimisation de l&#8217;orientation du panneau.<\/span><\/li>\n<li style=\"font-weight: 400;\" aria-level=\"1\"><span style=\"font-weight: 400;\">R\u00e9gulateur de puissance : technologie permettant un basculement automatique en mode basse consommation lorsque la batterie est faible, permettant de profiter d&#8217;un temps d&#8217;\u00e9clairage plus long.<\/span><\/li>\n<li style=\"font-weight: 400;\" aria-level=\"1\"><span style=\"font-weight: 400;\">Lanterne : LED de puissance avec un flux total de 175 lumens. Efficacit\u00e9 minimale : 160 lumens par watt<\/span><\/li>\n<li style=\"font-weight: 400;\" aria-level=\"1\"><span style=\"font-weight: 400;\">RADIO FM, lecteur MP3 en USB et carte SD avec sortie \u00e9couteurs<\/span><\/li>\n<\/ul>\n<p><img decoding=\"async\" loading=\"lazy\" class=\"alignnone size-medium wp-image-1496\" src=\"https:\/\/mbalik.yas.mg\/wp-content\/uploads\/2023\/10\/MBalik-Boom-plv-1-240x300.jpeg\" alt=\"\" width=\"240\" height=\"300\" srcset=\"https:\/\/mbalik.yas.mg\/wp-content\/uploads\/2023\/10\/MBalik-Boom-plv-1-240x300.jpeg 240w, https:\/\/mbalik.yas.mg\/wp-content\/uploads\/2023\/10\/MBalik-Boom-plv-1-380x475.jpeg 380w, https:\/\/mbalik.yas.mg\/wp-content\/uploads\/2023\/10\/MBalik-Boom-plv-1.jpeg 400w\" sizes=\"(max-width: 240px) 100vw, 240px\" \/><\/p>\n","protected":false},"excerpt":{"rendered":"<p>Acompte de <strong>21 600 Ar TTC* (PayGo)<\/strong><\/p>\n<p>Votre lampe 2 en 1 avec radio et lecteur MP3 int\u00e9gr\u00e9<\/p>\n<p><span style=\"font-weight: 400;\"><strong>(*)<\/strong> Offre soumise aux conditions d&#8217;\u00e9ligibilit\u00e9<\/span><\/p>\n","protected":false},"featured_media":1862,"comment_status":"open","ping_status":"closed","template":"","meta":[],"product_cat":[31],"product_tag":[],"acf":[],"yoast_head":"<!-- This site is optimized with the Yoast SEO plugin v21.5 - https:\/\/yoast.com\/wordpress\/plugins\/seo\/ -->\n<title>Lanterne solaire portable MBalik Boom | MBalik<\/title>\n<meta name=\"description\" content=\"Le lanterne solaire portable MBalik Boom, une lampe 2 en 1, int\u00e9grant une radio et lecteur MP3. Chargement de t\u00e9l\u00e9phone. Paiement cash ou PayGo \u00e0 Madagascar\" \/>\n<meta name=\"robots\" content=\"index, follow, max-snippet:-1, max-image-preview:large, max-video-preview:-1\" \/>\n<link rel=\"canonical\" href=\"https:\/\/mbalik.yas.mg\/?product=boom\" \/>\n<meta property=\"og:locale\" content=\"fr_FR\" \/>\n<meta property=\"og:type\" content=\"article\" \/>\n<meta property=\"og:title\" content=\"Lanterne solaire portable MBalik Boom | MBalik\" \/>\n<meta property=\"og:description\" content=\"Le lanterne solaire portable MBalik Boom, une lampe 2 en 1, int\u00e9grant une radio et lecteur MP3. Chargement de t\u00e9l\u00e9phone. Paiement cash ou PayGo \u00e0 Madagascar\" \/>\n<meta property=\"og:url\" content=\"https:\/\/mbalik.yas.mg\/?product=boom\" \/>\n<meta property=\"og:site_name\" content=\"MBalik\" \/>\n<meta property=\"article:modified_time\" content=\"2025-12-29T08:45:05+00:00\" \/>\n<meta property=\"og:image\" content=\"https:\/\/mbalik.yas.mg\/wp-content\/uploads\/2022\/09\/Group-48-2-1.png\" \/>\n\t<meta property=\"og:image:width\" content=\"450\" \/>\n\t<meta property=\"og:image:height\" content=\"548\" \/>\n\t<meta property=\"og:image:type\" content=\"image\/png\" \/>\n<meta name=\"twitter:card\" content=\"summary_large_image\" \/>\n<meta name=\"twitter:label1\" content=\"Est. reading time\" \/>\n\t<meta name=\"twitter:data1\" content=\"2 minutes\" \/>\n<script type=\"application\/ld+json\" class=\"yoast-schema-graph\">{\"@context\":\"https:\/\/schema.org\",\"@graph\":[{\"@type\":\"WebPage\",\"@id\":\"https:\/\/mbalik.yas.mg\/?product=boom\",\"url\":\"https:\/\/mbalik.yas.mg\/?product=boom\",\"name\":\"Lanterne solaire portable MBalik Boom | MBalik\",\"isPartOf\":{\"@id\":\"https:\/\/mbalik.yas.mg\/#website\"},\"datePublished\":\"2022-09-27T09:09:26+00:00\",\"dateModified\":\"2025-12-29T08:45:05+00:00\",\"description\":\"Le lanterne solaire portable MBalik Boom, une lampe 2 en 1, int\u00e9grant une radio et lecteur MP3. Chargement de t\u00e9l\u00e9phone. Paiement cash ou PayGo \u00e0 Madagascar\",\"breadcrumb\":{\"@id\":\"https:\/\/mbalik.yas.mg\/?product=boom#breadcrumb\"},\"inLanguage\":\"fr-FR\",\"potentialAction\":[{\"@type\":\"ReadAction\",\"target\":[\"https:\/\/mbalik.yas.mg\/?product=boom\"]}]},{\"@type\":\"BreadcrumbList\",\"@id\":\"https:\/\/mbalik.yas.mg\/?product=boom#breadcrumb\",\"itemListElement\":[{\"@type\":\"ListItem\",\"position\":1,\"name\":\"Nos produits\",\"item\":\"https:\/\/mbalik.yas.mg\/?page_id=27\"},{\"@type\":\"ListItem\",\"position\":2,\"name\":\"MBalik Boom\"}]},{\"@type\":\"WebSite\",\"@id\":\"https:\/\/mbalik.yas.mg\/#website\",\"url\":\"https:\/\/mbalik.yas.mg\/\",\"name\":\"MBalik\",\"description\":\"Mamiratra ny hoaviko !\",\"publisher\":{\"@id\":\"https:\/\/mbalik.yas.mg\/#organization\"},\"potentialAction\":[{\"@type\":\"SearchAction\",\"target\":{\"@type\":\"EntryPoint\",\"urlTemplate\":\"https:\/\/mbalik.yas.mg\/?s={search_term_string}\"},\"query-input\":\"required name=search_term_string\"}],\"inLanguage\":\"fr-FR\"},{\"@type\":\"Organization\",\"@id\":\"https:\/\/mbalik.yas.mg\/#organization\",\"name\":\"MBalik\",\"url\":\"https:\/\/mbalik.yas.mg\/\",\"logo\":{\"@type\":\"ImageObject\",\"inLanguage\":\"fr-FR\",\"@id\":\"https:\/\/mbalik.yas.mg\/#\/schema\/logo\/image\/\",\"url\":\"https:\/\/mbalik.yas.mg\/wp-content\/uploads\/2023\/10\/cropped-logo_MBALIK-02.png\",\"contentUrl\":\"https:\/\/mbalik.yas.mg\/wp-content\/uploads\/2023\/10\/cropped-logo_MBALIK-02.png\",\"width\":2230,\"height\":915,\"caption\":\"MBalik\"},\"image\":{\"@id\":\"https:\/\/mbalik.yas.mg\/#\/schema\/logo\/image\/\"}}]}<\/script>\n<!-- \/ Yoast SEO plugin. -->","yoast_head_json":{"title":"Lanterne solaire portable MBalik Boom | MBalik","description":"Le lanterne solaire portable MBalik Boom, une lampe 2 en 1, int\u00e9grant une radio et lecteur MP3. Chargement de t\u00e9l\u00e9phone. Paiement cash ou PayGo \u00e0 Madagascar","robots":{"index":"index","follow":"follow","max-snippet":"max-snippet:-1","max-image-preview":"max-image-preview:large","max-video-preview":"max-video-preview:-1"},"canonical":"https:\/\/mbalik.yas.mg\/?product=boom","og_locale":"fr_FR","og_type":"article","og_title":"Lanterne solaire portable MBalik Boom | MBalik","og_description":"Le lanterne solaire portable MBalik Boom, une lampe 2 en 1, int\u00e9grant une radio et lecteur MP3. Chargement de t\u00e9l\u00e9phone. Paiement cash ou PayGo \u00e0 Madagascar","og_url":"https:\/\/mbalik.yas.mg\/?product=boom","og_site_name":"MBalik","article_modified_time":"2025-12-29T08:45:05+00:00","og_image":[{"width":450,"height":548,"url":"https:\/\/mbalik.yas.mg\/wp-content\/uploads\/2022\/09\/Group-48-2-1.png","type":"image\/png"}],"twitter_card":"summary_large_image","twitter_misc":{"Est. reading time":"2 minutes"},"schema":{"@context":"https:\/\/schema.org","@graph":[{"@type":"WebPage","@id":"https:\/\/mbalik.yas.mg\/?product=boom","url":"https:\/\/mbalik.yas.mg\/?product=boom","name":"Lanterne solaire portable MBalik Boom | MBalik","isPartOf":{"@id":"https:\/\/mbalik.yas.mg\/#website"},"datePublished":"2022-09-27T09:09:26+00:00","dateModified":"2025-12-29T08:45:05+00:00","description":"Le lanterne solaire portable MBalik Boom, une lampe 2 en 1, int\u00e9grant une radio et lecteur MP3. Chargement de t\u00e9l\u00e9phone. Paiement cash ou PayGo \u00e0 Madagascar","breadcrumb":{"@id":"https:\/\/mbalik.yas.mg\/?product=boom#breadcrumb"},"inLanguage":"fr-FR","potentialAction":[{"@type":"ReadAction","target":["https:\/\/mbalik.yas.mg\/?product=boom"]}]},{"@type":"BreadcrumbList","@id":"https:\/\/mbalik.yas.mg\/?product=boom#breadcrumb","itemListElement":[{"@type":"ListItem","position":1,"name":"Nos produits","item":"https:\/\/mbalik.yas.mg\/?page_id=27"},{"@type":"ListItem","position":2,"name":"MBalik Boom"}]},{"@type":"WebSite","@id":"https:\/\/mbalik.yas.mg\/#website","url":"https:\/\/mbalik.yas.mg\/","name":"MBalik","description":"Mamiratra ny hoaviko !","publisher":{"@id":"https:\/\/mbalik.yas.mg\/#organization"},"potentialAction":[{"@type":"SearchAction","target":{"@type":"EntryPoint","urlTemplate":"https:\/\/mbalik.yas.mg\/?s={search_term_string}"},"query-input":"required name=search_term_string"}],"inLanguage":"fr-FR"},{"@type":"Organization","@id":"https:\/\/mbalik.yas.mg\/#organization","name":"MBalik","url":"https:\/\/mbalik.yas.mg\/","logo":{"@type":"ImageObject","inLanguage":"fr-FR","@id":"https:\/\/mbalik.yas.mg\/#\/schema\/logo\/image\/","url":"https:\/\/mbalik.yas.mg\/wp-content\/uploads\/2023\/10\/cropped-logo_MBALIK-02.png","contentUrl":"https:\/\/mbalik.yas.mg\/wp-content\/uploads\/2023\/10\/cropped-logo_MBALIK-02.png","width":2230,"height":915,"caption":"MBalik"},"image":{"@id":"https:\/\/mbalik.yas.mg\/#\/schema\/logo\/image\/"}}]}},"_links":{"self":[{"href":"https:\/\/mbalik.yas.mg\/index.php?rest_route=\/wp\/v2\/product\/970"}],"collection":[{"href":"https:\/\/mbalik.yas.mg\/index.php?rest_route=\/wp\/v2\/product"}],"about":[{"href":"https:\/\/mbalik.yas.mg\/index.php?rest_route=\/wp\/v2\/types\/product"}],"replies":[{"embeddable":true,"href":"https:\/\/mbalik.yas.mg\/index.php?rest_route=%2Fwp%2Fv2%2Fcomments&post=970"}],"wp:featuredmedia":[{"embeddable":true,"href":"https:\/\/mbalik.yas.mg\/index.php?rest_route=\/wp\/v2\/media\/1862"}],"wp:attachment":[{"href":"https:\/\/mbalik.yas.mg\/index.php?rest_route=%2Fwp%2Fv2%2Fmedia&parent=970"}],"wp:term":[{"taxonomy":"product_cat","embeddable":true,"href":"https:\/\/mbalik.yas.mg\/index.php?rest_route=%2Fwp%2Fv2%2Fproduct_cat&post=970"},{"taxonomy":"product_tag","embeddable":true,"href":"https:\/\/mbalik.yas.mg\/index.php?rest_route=%2Fwp%2Fv2%2Fproduct_tag&post=970"}],"curies":[{"name":"wp","href":"https:\/\/api.w.org\/{rel}","templated":true}]}}