























{"id":985,"date":"2022-09-23T12:09:10","date_gmt":"2022-09-23T10:09:10","guid":{"rendered":"https:\/\/dev-test-31.xyz\/eshop_telma\/?post_type=product&#038;p=985"},"modified":"2025-12-29T09:44:54","modified_gmt":"2025-12-29T08:44:54","slug":"home-40-plus","status":"publish","type":"product","link":"https:\/\/mbalik.yas.mg\/?product=home-40-plus","title":{"rendered":"MBalik Home 40 Plus"},"content":{"rendered":"<h4>Contenu<\/h4>\n<ul>\n<li style=\"font-weight: 400;\" aria-level=\"1\"><span style=\"font-weight: 400;\">Panneau solaire<\/span><\/li>\n<li style=\"font-weight: 400;\" aria-level=\"1\"><span style=\"font-weight: 400;\">Boitier de contr\u00f4le<\/span><\/li>\n<li style=\"font-weight: 400;\" aria-level=\"1\"><span style=\"font-weight: 400;\">2 lampes tubulaires<\/span><\/li>\n<li style=\"font-weight: 400;\" aria-level=\"1\"><span style=\"font-weight: 400;\">C\u00e2ble USB &amp; Connecteurs<\/span><\/li>\n<li style=\"font-weight: 400;\" aria-level=\"1\"><span style=\"font-weight: 400;\">Support de fixation lampes<\/span><\/li>\n<li style=\"font-weight: 400;\" aria-level=\"1\"><span style=\"font-weight: 400;\">Pinces pour c\u00e2bles<\/span><\/li>\n<li style=\"font-weight: 400;\" aria-level=\"1\"><span style=\"font-weight: 400;\">Support de t\u00e9l\u00e9phone<\/span><\/li>\n<\/ul>\n<h4>Fonctionnalit\u00e9s<\/h4>\n<ul>\n<li style=\"font-weight: 400;\" aria-level=\"1\"><span style=\"font-weight: 400;\">Chargement de t\u00e9l\u00e9phone via Port USB 5V<\/span><\/li>\n<li style=\"font-weight: 400;\" aria-level=\"1\"><span style=\"font-weight: 400;\">Autonomie :<\/span>\n<ul>\n<li style=\"font-weight: 400;\" aria-level=\"2\"><span style=\"font-weight: 400;\">Mode basse consommation : 30 heures en 2&#215;40 lumens<\/span><\/li>\n<li style=\"font-weight: 400;\" aria-level=\"2\"><span style=\"font-weight: 400;\">Mode normal : 10 heures en 2&#215;120 lumens<\/span><\/li>\n<li style=\"font-weight: 400;\" aria-level=\"2\"><span style=\"font-weight: 400;\">Mode turbo : 6 heures en 2&#215;200 lumens<\/span><\/li>\n<\/ul>\n<\/li>\n<li style=\"font-weight: 400;\" aria-level=\"1\"><span style=\"font-weight: 400;\">Bo\u00eetier l\u00e9ger et compact transportable (12 X 7 cm) pouvant servir de power Bank<\/span><\/li>\n<\/ul>\n<h4>Caract\u00e9ristiques techniques<\/h4>\n<ul>\n<li style=\"font-weight: 400;\" aria-level=\"1\"><span style=\"font-weight: 400;\">Panneau solaire de 5,5 Watt, 10,5 volts avec 5 m\u00e8tres de c\u00e2ble<\/span><\/li>\n<li style=\"font-weight: 400;\" aria-level=\"1\"><span style=\"font-weight: 400;\">Batterie Lithium-ion 2550 mAh, 7,4 Volts<\/span><\/li>\n<li style=\"font-weight: 400;\" aria-level=\"1\"><span style=\"font-weight: 400;\">Port USB pour rechargement de t\u00e9l\u00e9phone<\/span><\/li>\n<li style=\"font-weight: 400;\" aria-level=\"1\"><span style=\"font-weight: 400;\">Deux lampes tubulaires LED (200 lumens chacun) avec interrupteurs individuel<\/span><\/li>\n<li style=\"font-weight: 400;\" aria-level=\"1\"><span style=\"font-weight: 400;\">Indicateur de niveau de batterie avec affichage LED indiquant la puissance restante<\/span><\/li>\n<li style=\"font-weight: 400;\" aria-level=\"1\"><span style=\"font-weight: 400;\">Indicateur de niveau de charge solaire avec affichage LED indiquant l&#8217;efficacit\u00e9 de la charge sur une \u00e9chelle de 1 \u00e0 4, pour aider \u00e0 l&#8217;optimisation de l&#8217;orientation du panneau.<\/span><\/li>\n<li style=\"font-weight: 400;\" aria-level=\"1\"><span style=\"font-weight: 400;\">R\u00e9gulateur de puissance : technologie permettant un basculement automatique en mode basse consommation lorsque la batterie est faible, permettant de profiter d&#8217;un temps d&#8217;\u00e9clairage plus long.<\/span><\/li>\n<li style=\"font-weight: 400;\" aria-level=\"1\"><span style=\"font-weight: 400;\">Lampes tubulaires \u00e0 LED avec une puissance de 200 lumens chacune.<\/span><\/li>\n<\/ul>\n<p><img decoding=\"async\" loading=\"lazy\" class=\"alignnone size-medium wp-image-1964\" src=\"https:\/\/mbalik.yas.mg\/wp-content\/uploads\/2022\/09\/HOME40_VALIDE_-copie-200x300.jpg\" alt=\"\" width=\"200\" height=\"300\" srcset=\"https:\/\/mbalik.yas.mg\/wp-content\/uploads\/2022\/09\/HOME40_VALIDE_-copie-200x300.jpg 200w, https:\/\/mbalik.yas.mg\/wp-content\/uploads\/2022\/09\/HOME40_VALIDE_-copie-683x1024.jpg 683w, https:\/\/mbalik.yas.mg\/wp-content\/uploads\/2022\/09\/HOME40_VALIDE_-copie-768x1152.jpg 768w, https:\/\/mbalik.yas.mg\/wp-content\/uploads\/2022\/09\/HOME40_VALIDE_-copie-1024x1536.jpg 1024w, https:\/\/mbalik.yas.mg\/wp-content\/uploads\/2022\/09\/HOME40_VALIDE_-copie-920x1380.jpg 920w, https:\/\/mbalik.yas.mg\/wp-content\/uploads\/2022\/09\/HOME40_VALIDE_-copie-575x863.jpg 575w, https:\/\/mbalik.yas.mg\/wp-content\/uploads\/2022\/09\/HOME40_VALIDE_-copie-380x570.jpg 380w, https:\/\/mbalik.yas.mg\/wp-content\/uploads\/2022\/09\/HOME40_VALIDE_-copie-420x630.jpg 420w, https:\/\/mbalik.yas.mg\/wp-content\/uploads\/2022\/09\/HOME40_VALIDE_-copie-800x1200.jpg 800w, https:\/\/mbalik.yas.mg\/wp-content\/uploads\/2022\/09\/HOME40_VALIDE_-copie.jpg 1134w\" sizes=\"(max-width: 200px) 100vw, 200px\" \/><\/p>\n","protected":false},"excerpt":{"rendered":"<p>Acompte de <strong>28 000 Ar TTC* (Pa<\/strong><strong>yGo)<\/strong><\/p>\n<p><span style=\"font-weight: 400;\">Un \u00e9clairage puissant, pratique et facile \u00e0 installer<\/span><\/p>\n<p><span style=\"font-weight: 400;\"><strong>(*)<\/strong> Offre soumise aux conditions d&#8217;\u00e9ligibilit\u00e9<\/span><\/p>\n","protected":false},"featured_media":1967,"comment_status":"open","ping_status":"closed","template":"","meta":[],"product_cat":[31],"product_tag":[],"acf":[],"yoast_head":"<!-- This site is optimized with the Yoast SEO plugin v21.5 - https:\/\/yoast.com\/wordpress\/plugins\/seo\/ -->\n<title>Kit solaire complet Home 40 Plus | MBalik<\/title>\n<meta name=\"description\" content=\"MBalik Home 40 plus, un kit solaire avec 2 lampes tubulaires puissantes et un panneau solaire, pratique et facile \u00e0 installer. Paiement cash ou PayGo\" \/>\n<meta name=\"robots\" content=\"index, follow, max-snippet:-1, max-image-preview:large, max-video-preview:-1\" \/>\n<link rel=\"canonical\" href=\"https:\/\/mbalik.yas.mg\/?product=home-40-plus\" \/>\n<meta property=\"og:locale\" content=\"fr_FR\" \/>\n<meta property=\"og:type\" content=\"article\" \/>\n<meta property=\"og:title\" content=\"Kit solaire complet Home 40 Plus | MBalik\" \/>\n<meta property=\"og:description\" content=\"MBalik Home 40 plus, un kit solaire avec 2 lampes tubulaires puissantes et un panneau solaire, pratique et facile \u00e0 installer. Paiement cash ou PayGo\" \/>\n<meta property=\"og:url\" content=\"https:\/\/mbalik.yas.mg\/?product=home-40-plus\" \/>\n<meta property=\"og:site_name\" content=\"MBalik\" \/>\n<meta property=\"article:modified_time\" content=\"2025-12-29T08:44:54+00:00\" \/>\n<meta property=\"og:image\" content=\"https:\/\/mbalik.yas.mg\/wp-content\/uploads\/2022\/09\/Group-13-1.png\" \/>\n\t<meta property=\"og:image:width\" content=\"450\" \/>\n\t<meta property=\"og:image:height\" content=\"550\" \/>\n\t<meta property=\"og:image:type\" content=\"image\/png\" \/>\n<meta name=\"twitter:card\" content=\"summary_large_image\" \/>\n<meta name=\"twitter:label1\" content=\"Est. reading time\" \/>\n\t<meta name=\"twitter:data1\" content=\"2 minutes\" \/>\n<script type=\"application\/ld+json\" class=\"yoast-schema-graph\">{\"@context\":\"https:\/\/schema.org\",\"@graph\":[{\"@type\":\"WebPage\",\"@id\":\"https:\/\/mbalik.yas.mg\/?product=home-40-plus\",\"url\":\"https:\/\/mbalik.yas.mg\/?product=home-40-plus\",\"name\":\"Kit solaire complet Home 40 Plus | MBalik\",\"isPartOf\":{\"@id\":\"https:\/\/mbalik.yas.mg\/#website\"},\"datePublished\":\"2022-09-23T10:09:10+00:00\",\"dateModified\":\"2025-12-29T08:44:54+00:00\",\"description\":\"MBalik Home 40 plus, un kit solaire avec 2 lampes tubulaires puissantes et un panneau solaire, pratique et facile \u00e0 installer. Paiement cash ou PayGo\",\"breadcrumb\":{\"@id\":\"https:\/\/mbalik.yas.mg\/?product=home-40-plus#breadcrumb\"},\"inLanguage\":\"fr-FR\",\"potentialAction\":[{\"@type\":\"ReadAction\",\"target\":[\"https:\/\/mbalik.yas.mg\/?product=home-40-plus\"]}]},{\"@type\":\"BreadcrumbList\",\"@id\":\"https:\/\/mbalik.yas.mg\/?product=home-40-plus#breadcrumb\",\"itemListElement\":[{\"@type\":\"ListItem\",\"position\":1,\"name\":\"Nos produits\",\"item\":\"https:\/\/mbalik.yas.mg\/?page_id=27\"},{\"@type\":\"ListItem\",\"position\":2,\"name\":\"MBalik Home 40 Plus\"}]},{\"@type\":\"WebSite\",\"@id\":\"https:\/\/mbalik.yas.mg\/#website\",\"url\":\"https:\/\/mbalik.yas.mg\/\",\"name\":\"MBalik\",\"description\":\"Mamiratra ny hoaviko !\",\"publisher\":{\"@id\":\"https:\/\/mbalik.yas.mg\/#organization\"},\"potentialAction\":[{\"@type\":\"SearchAction\",\"target\":{\"@type\":\"EntryPoint\",\"urlTemplate\":\"https:\/\/mbalik.yas.mg\/?s={search_term_string}\"},\"query-input\":\"required name=search_term_string\"}],\"inLanguage\":\"fr-FR\"},{\"@type\":\"Organization\",\"@id\":\"https:\/\/mbalik.yas.mg\/#organization\",\"name\":\"MBalik\",\"url\":\"https:\/\/mbalik.yas.mg\/\",\"logo\":{\"@type\":\"ImageObject\",\"inLanguage\":\"fr-FR\",\"@id\":\"https:\/\/mbalik.yas.mg\/#\/schema\/logo\/image\/\",\"url\":\"https:\/\/mbalik.yas.mg\/wp-content\/uploads\/2023\/10\/cropped-logo_MBALIK-02.png\",\"contentUrl\":\"https:\/\/mbalik.yas.mg\/wp-content\/uploads\/2023\/10\/cropped-logo_MBALIK-02.png\",\"width\":2230,\"height\":915,\"caption\":\"MBalik\"},\"image\":{\"@id\":\"https:\/\/mbalik.yas.mg\/#\/schema\/logo\/image\/\"}}]}<\/script>\n<!-- \/ Yoast SEO plugin. -->","yoast_head_json":{"title":"Kit solaire complet Home 40 Plus | MBalik","description":"MBalik Home 40 plus, un kit solaire avec 2 lampes tubulaires puissantes et un panneau solaire, pratique et facile \u00e0 installer. Paiement cash ou PayGo","robots":{"index":"index","follow":"follow","max-snippet":"max-snippet:-1","max-image-preview":"max-image-preview:large","max-video-preview":"max-video-preview:-1"},"canonical":"https:\/\/mbalik.yas.mg\/?product=home-40-plus","og_locale":"fr_FR","og_type":"article","og_title":"Kit solaire complet Home 40 Plus | MBalik","og_description":"MBalik Home 40 plus, un kit solaire avec 2 lampes tubulaires puissantes et un panneau solaire, pratique et facile \u00e0 installer. Paiement cash ou PayGo","og_url":"https:\/\/mbalik.yas.mg\/?product=home-40-plus","og_site_name":"MBalik","article_modified_time":"2025-12-29T08:44:54+00:00","og_image":[{"width":450,"height":550,"url":"https:\/\/mbalik.yas.mg\/wp-content\/uploads\/2022\/09\/Group-13-1.png","type":"image\/png"}],"twitter_card":"summary_large_image","twitter_misc":{"Est. reading time":"2 minutes"},"schema":{"@context":"https:\/\/schema.org","@graph":[{"@type":"WebPage","@id":"https:\/\/mbalik.yas.mg\/?product=home-40-plus","url":"https:\/\/mbalik.yas.mg\/?product=home-40-plus","name":"Kit solaire complet Home 40 Plus | MBalik","isPartOf":{"@id":"https:\/\/mbalik.yas.mg\/#website"},"datePublished":"2022-09-23T10:09:10+00:00","dateModified":"2025-12-29T08:44:54+00:00","description":"MBalik Home 40 plus, un kit solaire avec 2 lampes tubulaires puissantes et un panneau solaire, pratique et facile \u00e0 installer. Paiement cash ou PayGo","breadcrumb":{"@id":"https:\/\/mbalik.yas.mg\/?product=home-40-plus#breadcrumb"},"inLanguage":"fr-FR","potentialAction":[{"@type":"ReadAction","target":["https:\/\/mbalik.yas.mg\/?product=home-40-plus"]}]},{"@type":"BreadcrumbList","@id":"https:\/\/mbalik.yas.mg\/?product=home-40-plus#breadcrumb","itemListElement":[{"@type":"ListItem","position":1,"name":"Nos produits","item":"https:\/\/mbalik.yas.mg\/?page_id=27"},{"@type":"ListItem","position":2,"name":"MBalik Home 40 Plus"}]},{"@type":"WebSite","@id":"https:\/\/mbalik.yas.mg\/#website","url":"https:\/\/mbalik.yas.mg\/","name":"MBalik","description":"Mamiratra ny hoaviko !","publisher":{"@id":"https:\/\/mbalik.yas.mg\/#organization"},"potentialAction":[{"@type":"SearchAction","target":{"@type":"EntryPoint","urlTemplate":"https:\/\/mbalik.yas.mg\/?s={search_term_string}"},"query-input":"required name=search_term_string"}],"inLanguage":"fr-FR"},{"@type":"Organization","@id":"https:\/\/mbalik.yas.mg\/#organization","name":"MBalik","url":"https:\/\/mbalik.yas.mg\/","logo":{"@type":"ImageObject","inLanguage":"fr-FR","@id":"https:\/\/mbalik.yas.mg\/#\/schema\/logo\/image\/","url":"https:\/\/mbalik.yas.mg\/wp-content\/uploads\/2023\/10\/cropped-logo_MBALIK-02.png","contentUrl":"https:\/\/mbalik.yas.mg\/wp-content\/uploads\/2023\/10\/cropped-logo_MBALIK-02.png","width":2230,"height":915,"caption":"MBalik"},"image":{"@id":"https:\/\/mbalik.yas.mg\/#\/schema\/logo\/image\/"}}]}},"_links":{"self":[{"href":"https:\/\/mbalik.yas.mg\/index.php?rest_route=\/wp\/v2\/product\/985"}],"collection":[{"href":"https:\/\/mbalik.yas.mg\/index.php?rest_route=\/wp\/v2\/product"}],"about":[{"href":"https:\/\/mbalik.yas.mg\/index.php?rest_route=\/wp\/v2\/types\/product"}],"replies":[{"embeddable":true,"href":"https:\/\/mbalik.yas.mg\/index.php?rest_route=%2Fwp%2Fv2%2Fcomments&post=985"}],"wp:featuredmedia":[{"embeddable":true,"href":"https:\/\/mbalik.yas.mg\/index.php?rest_route=\/wp\/v2\/media\/1967"}],"wp:attachment":[{"href":"https:\/\/mbalik.yas.mg\/index.php?rest_route=%2Fwp%2Fv2%2Fmedia&parent=985"}],"wp:term":[{"taxonomy":"product_cat","embeddable":true,"href":"https:\/\/mbalik.yas.mg\/index.php?rest_route=%2Fwp%2Fv2%2Fproduct_cat&post=985"},{"taxonomy":"product_tag","embeddable":true,"href":"https:\/\/mbalik.yas.mg\/index.php?rest_route=%2Fwp%2Fv2%2Fproduct_tag&post=985"}],"curies":[{"name":"wp","href":"https:\/\/api.w.org\/{rel}","templated":true}]}}